{"id":988530,"date":"2024-08-16T22:24:38","date_gmt":"2024-08-16T20:24:38","guid":{"rendered":"https:\/\/cobertesindustrials.com\/politica-de-privacidad\/"},"modified":"2025-10-28T17:05:26","modified_gmt":"2025-10-28T16:05:26","slug":"politica-de-privacidad","status":"publish","type":"page","link":"https:\/\/cobertesindustrials.com\/es\/politica-de-privacidad\/","title":{"rendered":"Pol\u00edtica de privacidad"},"content":{"rendered":"\t\t<div data-elementor-type=\"wp-page\" data-elementor-id=\"988530\" class=\"elementor elementor-988530 elementor-3\" data-elementor-post-type=\"page\">\n\t\t\t\t<div class=\"elementor-element elementor-element-928e462 animated-fast e-flex e-con-boxed e-con e-parent\" data-id=\"928e462\" data-element_type=\"container\" data-settings=\"{&quot;animation&quot;:&quot;none&quot;,&quot;animation_tablet&quot;:&quot;none&quot;}\">\n\t\t\t\t\t<div class=\"e-con-inner\">\n\t\t\t\t<div class=\"elementor-element elementor-element-db7acd3 elementor-widget__width-initial elementor-widget elementor-widget-theme-post-title elementor-page-title elementor-widget-heading\" data-id=\"db7acd3\" data-element_type=\"widget\" data-widget_type=\"theme-post-title.default\">\n\t\t\t\t<div class=\"elementor-widget-container\">\n\t\t\t\t\t<h1 class=\"elementor-heading-title elementor-size-default\">Pol\u00edtica de privacidad<\/h1>\t\t\t\t<\/div>\n\t\t\t\t<\/div>\n\t\t\t\t\t<\/div>\n\t\t\t\t<\/div>\n\t\t<div class=\"elementor-element elementor-element-7b9bf37 e-flex e-con-boxed e-con e-parent\" data-id=\"7b9bf37\" data-element_type=\"container\">\n\t\t\t\t\t<div class=\"e-con-inner\">\n\t\t\t\t<div class=\"elementor-element elementor-element-365a6dc elementor-widget elementor-widget-heading\" data-id=\"365a6dc\" data-element_type=\"widget\" data-widget_type=\"heading.default\">\n\t\t\t\t<div class=\"elementor-widget-container\">\n\t\t\t\t\t<h3 class=\"elementor-heading-title elementor-size-default\">1. Introducci\u00f3n<\/h3>\t\t\t\t<\/div>\n\t\t\t\t<\/div>\n\t\t\t\t<div class=\"elementor-element elementor-element-a79b77f elementor-widget elementor-widget-text-editor\" data-id=\"a79b77f\" data-element_type=\"widget\" data-widget_type=\"text-editor.default\">\n\t\t\t\t<div class=\"elementor-widget-container\">\n\t\t\t\t\t\t\t\t\t<p>Este documento describe la Pol\u00edtica de cookies que regula el sitio web www.cantaragrup.com, con el objetivo de garantizar la privacidad de los usuarios de Internet.<br>Este sitio web pertenece a Cantara Business, S.L. con domicilio en Rocafort, 29. 1\u00ba 08271 Art\u00e9s (Barcelona) y desde este apartado se informa a los Usuarios de Internet que en este sitio web se utilizan cookies.<br>Estas cookies nos permiten facilitar el uso y navegaci\u00f3n, garantizar el acceso a determinadas funcionalidades y adicionalmente, nos ayudan a mejorar la calidad del sitio web de acuerdo a los h\u00e1bitos y estilos de navegaci\u00f3n de los usuarios de Internet. <\/p>\t\t\t\t\t\t\t\t<\/div>\n\t\t\t\t<\/div>\n\t\t\t\t<div class=\"elementor-element elementor-element-1fe34bc elementor-widget elementor-widget-heading\" data-id=\"1fe34bc\" data-element_type=\"widget\" data-widget_type=\"heading.default\">\n\t\t\t\t<div class=\"elementor-widget-container\">\n\t\t\t\t\t<h3 class=\"elementor-heading-title elementor-size-default\">2. \u00bfQu\u00e9 son las cookies?<\/h3>\t\t\t\t<\/div>\n\t\t\t\t<\/div>\n\t\t\t\t<div class=\"elementor-element elementor-element-c56697d elementor-widget elementor-widget-text-editor\" data-id=\"c56697d\" data-element_type=\"widget\" data-widget_type=\"text-editor.default\">\n\t\t\t\t<div class=\"elementor-widget-container\">\n\t\t\t\t\t\t\t\t\t<p>Las cookies son peque\u00f1os archivos de texto que algunos sitios web almacenan en su ordenador, tel\u00e9fono inteligente (Smartphone), Tablet o cualquier otro dispositivo de acceso a Internet.<\/p>\t\t\t\t\t\t\t\t<\/div>\n\t\t\t\t<\/div>\n\t\t\t\t<div class=\"elementor-element elementor-element-2f2ca12 elementor-widget elementor-widget-heading\" data-id=\"2f2ca12\" data-element_type=\"widget\" data-widget_type=\"heading.default\">\n\t\t\t\t<div class=\"elementor-widget-container\">\n\t\t\t\t\t<h3 class=\"elementor-heading-title elementor-size-default\">3. \u00bfPara qu\u00e9 sirven?<\/h3>\t\t\t\t<\/div>\n\t\t\t\t<\/div>\n\t\t\t\t<div class=\"elementor-element elementor-element-aa048a8 elementor-widget elementor-widget-text-editor\" data-id=\"aa048a8\" data-element_type=\"widget\" data-widget_type=\"text-editor.default\">\n\t\t\t\t<div class=\"elementor-widget-container\">\n\t\t\t\t\t\t\t\t\t<p>Las cookies sirven para reconocer el dispositivo de los Usuarios de Internet cuando vuelven a visitar el sitio web, facilit\u00e1ndole su uso en recordar sus preferencias y configuraci\u00f3n de navegaci\u00f3n (p. Ej. Idioma, pa\u00eds, etc.). Tambi\u00e9n sirven para mejorar los servicios que ofrecemos y para poder recopilar informaci\u00f3n estad\u00edstica que nos permite entender c\u00f3mo los Usuarios de Internet utilizan nuestro sitio web y nos ayudan a mejorar su estructura y contenidos.<br>Algunas cookies son estrictamente necesarias para que el sitio web funcione bien y otras sirven para mejorar el rendimiento y su experiencia como usuario.<br>Las cookies se asocian \u00fanicamente a un Usuario de Internet an\u00f3nimo ya su dispositivo de acceso a Internet y no proporcionan referencias que permitan deducir datos personales del Usuario de Internet. <\/p>\t\t\t\t\t\t\t\t<\/div>\n\t\t\t\t<\/div>\n\t\t\t\t<div class=\"elementor-element elementor-element-6238173 elementor-widget elementor-widget-heading\" data-id=\"6238173\" data-element_type=\"widget\" data-widget_type=\"heading.default\">\n\t\t\t\t<div class=\"elementor-widget-container\">\n\t\t\t\t\t<h3 class=\"elementor-heading-title elementor-size-default\">4. Tipos de cookies<\/h3>\t\t\t\t<\/div>\n\t\t\t\t<\/div>\n\t\t\t\t<div class=\"elementor-element elementor-element-3cd55a0 elementor-widget elementor-widget-text-editor\" data-id=\"3cd55a0\" data-element_type=\"widget\" data-widget_type=\"text-editor.default\">\n\t\t\t\t<div class=\"elementor-widget-container\">\n\t\t\t\t\t\t\t\t\t<h5>4.1. Tipos de cookies seg\u00fan la entidad que las gestione<\/h5><p>Seg\u00fan cual sea la entidad que gestione el sitio web desde donde se env\u00eden las cookies y traten los datos que se obtengan, se pueden distinguir los siguientes:<\/p><p><br>\u00b7 Cookies propias: Son aquellas que se env\u00edan al dispositivo de acceso a Internet del usuario desde el sitio web gestionado por el propio titular del puesto y desde el que se presta el servicio solicitado por el Usuario de Internet.<\/p><p><br>\u00b7 Cookies de tercero: Son aquellas que se env\u00edan al dispositivo de acceso a Internet del usuario desde el sitio web pero que no es gestionado por el titular del lugar, sino por otra entidad que trata los datos obtenidos mediante las cookies.<\/p><p> <\/p><h5>4.2. Tipos de cookies seg\u00fan el plazo de tiempo que permanecen activadas<\/h5><p>Seg\u00fan el plazo de tiempo que permanecen activadas en el dispositivo de acceso a Internet del usuario, se pueden distinguir los siguientes:<\/p><p><br>\u00b7 Cookies de sesi\u00f3n: Son un tipo de cookies dise\u00f1adas para recoger y almacenar datos mientras el Usuario de Internet accede a un sitio web. Se suelen utilizar para almacenar informaci\u00f3n que s\u00f3lo interesa conservar para la prestaci\u00f3n del servicio solicitado por el Usuario de Internet en una sola ocasi\u00f3n (la sesi\u00f3n que est\u00e1 utilizando en ese momento). <\/p><p><br>\u00b7 Cookies persistentes: Son un tipo de cookies en que los datos siguen almacenados en el dispositivo de acceso a Internet del usuario y pueden ser accedidas y tratadas durante un periodo definido por el responsable de la cookie, y que puede ir de unos minutos a varios a\u00f1os.<\/p><p> <\/p><h5>4.3. Tipos de cookies seg\u00fan su finalidad<\/h5><p>Seg\u00fan la finalidad para la que se traten los datos obtenidos mediante las cookies, se pueden distinguir los siguientes:<\/p><p><br>\u00b7 Cookies t\u00e9cnicas: Son aquellas que permiten al Usuario de Internet la navegaci\u00f3n por un sitio web y la utilizaci\u00f3n de las diferentes opciones o servicios que en \u00e9l existan como, por ejemplo, controlar el tr\u00e1fico y la comunicaci\u00f3n de datos, identificar la sesi\u00f3n, acceder a partes de acceso restringido, recordar los elementos que integran un pedido, realizar el proceso de compra de un pedido, realizar la solicitud de inscripci\u00f3n o participaci\u00f3n en un evento, utilizar elementos de seguridad durante la navegaci\u00f3n, almacenar contenidos para la difusi\u00f3n de im\u00e1genes o sonido o compartir contenidos mediante las redes sociales.<\/p><p><br>\u00b7 Cookies de personalizaci\u00f3n: Son aquellas que permiten al Usuario de Internet acceder al servicio con algunas caracter\u00edsticas de car\u00e1cter general predefinidas en funci\u00f3n de una serie de criterios en el dispositivo del usuario de Internet como por ejemplo ser\u00edan el idioma, el tipo de navegador que utiliza para acceder al servicio, la configuraci\u00f3n regional desde donde accede al servicio, etc.<\/p><p><br>\u00b7 Cookies de an\u00e1lisis: Son aquellas que permiten al responsable de las mismas, el seguimiento y an\u00e1lisis del comportamiento de los Usuarios de Internet en el sitio web. La informaci\u00f3n recogida mediante este tipo de cookies se utiliza en la medici\u00f3n de la actividad del sitio web y para la elaboraci\u00f3n de perfiles de navegaci\u00f3n de los Usuarios de Internet para este sitio web, con el fin de introducir mejoras en funci\u00f3n del an\u00e1lisis de los datos de uso que hacen los Usuarios de Internet del servicio <\/p><p><br>\u00b7 Cookies publicitarias: Son aquellas que permiten la gesti\u00f3n, de la forma m\u00e1s eficaz posible, los espacios publicitarios que, en su caso, el titular haya incluido en el sitio web desde el que presta el servicio solicitado en base a criterios como el contenido editado o la frecuencia en la que se muestran los anuncios.<\/p><p><br>\u00b7 Cookies de publicidad comportamental: Son aquellas que permiten la gesti\u00f3n, de la forma m\u00e1s eficaz posible, los espacios publicitarios que, en su caso, el titular haya incluido en el sitio web desde el que presta el servicio solicitado. Estas cookies almacenan informaci\u00f3n del comportamiento de los Usuarios de Internet obtenida por la observaci\u00f3n continuada de sus h\u00e1bitos de navegaci\u00f3n, lo que permite desarrollar un perfil espec\u00edfico para mostrar publicidad en funci\u00f3n de \u00e9ste. <\/p>\t\t\t\t\t\t\t\t<\/div>\n\t\t\t\t<\/div>\n\t\t\t\t<div class=\"elementor-element elementor-element-0cd2a01 elementor-widget elementor-widget-heading\" data-id=\"0cd2a01\" data-element_type=\"widget\" data-widget_type=\"heading.default\">\n\t\t\t\t<div class=\"elementor-widget-container\">\n\t\t\t\t\t<h3 class=\"elementor-heading-title elementor-size-default\">5. \u00bfQu\u00e9 tipos de cookies utiliza este sitio web?<\/h3>\t\t\t\t<\/div>\n\t\t\t\t<\/div>\n\t\t\t\t<div class=\"elementor-element elementor-element-1ae006a elementor-widget elementor-widget-text-editor\" data-id=\"1ae006a\" data-element_type=\"widget\" data-widget_type=\"text-editor.default\">\n\t\t\t\t<div class=\"elementor-widget-container\">\n\t\t\t\t\t\t\t\t\t<p>Las cookies siguientes no identifican personalmente a los usuarios de Internet, s\u00f3lo proporcionan informaci\u00f3n estad\u00edstica an\u00f3nima sobre la navegaci\u00f3n en este sitio web; sin embargo puede desactivar directamente configurando su navegador.<\/p><p> <\/p><p>A continuaci\u00f3n se relacionan las cookies que est\u00e1n siendo utilizadas en este sitio:<\/p><p>Nombre : SESS [cadena aleat\u00f3ria]<\/p><p>Tipos : propia<\/p><p>Permanencia : session<\/p><p>Finalidad : \u00e9cnica. Identifica la sesi\u00f3n del usuario. <\/p><p>Nombre : has-js<\/p><p>Tipo : propia<\/p><p>Permanencia : sesi\u00f3n<\/p><p>Finalidad: t\u00e9cnica. Informa si el navegador que est\u00e1 utilizando el Usuario de Internet soporta y tiene habilitada la funcionalidad JavaScript, lo que permite disponer de todas las funcionalidades del sitio web y presentar los contenidos de forma m\u00e1s apropiada. <\/p><p>Cookies de Google Analytics. Es un servicio de anal\u00edtica web desarrollada por Google, que permite la medici\u00f3n y an\u00e1lisis de la navegaci\u00f3n en el sitio web. <\/p><p>Nombre : _utma<\/p><p>Tipo : propia<\/p><p>Permanencia : 2 a\u00f1os (persistente)<\/p><p>Finalidad: an\u00e1lisis. Normalmente se almacena en el navegador en su primera visita al sitio web. Genera un ID de usuario \u00fanico, que es el que se utiliza para hacer recuento de cu\u00e1ntas veces visita el sitio web un Usuario de Internet. Tambi\u00e9n registra cuando fue la primera y la \u00faltima vez que visit\u00f3 el sitio web.   <\/p><p>Nombre : _utmb<\/p><p>Tipo : pr\u00f2pia<\/p><p>Permanencia : 30 minutos (persistente)<\/p><p>Finalidad: an\u00e1lisis. Trabaja conjuntamente con _utmc para almacenar informaci\u00f3n sobre la actividad de la visita al sitio web y principalmente la duraci\u00f3n de \u00e9sta. Registra la hora de acceso al sitio web.  <\/p><p>Nombre : _utmc<\/p><p>Tipo : propia<\/p><p>Permanencia : sesi\u00f3n<\/p><p>Finalidad: an\u00e1lisis. Trabaja conjuntamente con _utmb para almacenar informaci\u00f3n sobre la actividad de la visita al sitio web y principalmente la duraci\u00f3n de \u00e9sta. Comprueba si se ha de mantener la sesi\u00f3n abierta o se debe crear una sesi\u00f3n nueva  <\/p><p>Nombre : _utmz<\/p><p>Tipo : propia<\/p><p>Permanencia : 6 meses (persistente)<\/p><p>Finalidad: an\u00e1lisis. Normalmente se almacena en el navegador en su primera visita al sitio web. Almacena informaci\u00f3n sobre la procedencia del Usuario de Internet en el sitio web, ya sea directamente introduciendo la direcci\u00f3n del dominio, un enlace, una b\u00fasqueda o un anuncio, as\u00ed como su ubicaci\u00f3n geogr\u00e1fica en el momento de acceder. Tambi\u00e9n realiza un seguimiento de la navegaci\u00f3n por permitirnos saber cu\u00e1ntos usuarios de Internet se mueven por el sitio web. Se actualiza cada vez que se visita el sitio web.    <\/p><p>Asimismo, Google ha desarrollado un complemento de inhabilitaci\u00f3n de las cookies de Google Analytics para los navegadores m\u00e1s habituales: Microsoft Internet Explorer, Google Chrome, Mozilla Firefox, Apple Safari y Opera, que facilita la exclusi\u00f3n de la instalaci\u00f3n de estas cookies.<\/p><p>Cookies de ShareThis . Es un servicio que el apartado de bloque de este sitio web utiliza para facilitar el intercambio y compartici\u00f3n en l\u00ednea de p\u00e1ginas \/ enlaces a trav\u00e9s de diversas redes sociales como Facebook y Twitter. <\/p><p>Nombre : __stid<\/p><p>Tipo : propia<\/p><p>Permanencia : 1 a\u00f1o (persistente)<\/p><p>Finalidad: an\u00e1lisis. Normalmente se almacena en el navegador en su primera visita al sitio web. Genera un ID de usuario \u00fanico, que es el que se utiliza para asociar a los temas de inter\u00e9s, bas\u00e1ndose en el contenido que se comparte. En los EE.UU., se utilizan estos datos para ayudar a los anunciantes ofrecer mensajes dirigidos a los usuarios, pero a d\u00eda de hoy no se utilizan datos de fuera de EEUU.<\/p><p>Nombre : __uset<\/p><p>Tipo : propia<\/p><p>Permanencia : 1 d\u00eda (persistente)<\/p><p>Finalidad: an\u00e1lisis. Trabaja conjuntamente con stid, estableci\u00e9ndose en \u201ctrue\u201d para indicar cuando un usuario ya ha sido analizado y no repetir la tarea en las pr\u00f3ximas 8 horas. para almacenar informaci\u00f3n sobre la actividad de la visita al sitio web y principalmente la duraci\u00f3n de \u00e9sta. Registra la hora de acceso al sitio web.   <\/p><p>Nombre : UID, UIDR<\/p><p>Tipo : propias<\/p><p>Permanencia : 2 a\u00f1os (persistentes)<\/p><p>Finalidad: an\u00e1lisis. Almacenan informaci\u00f3n como la fecha y la hora, la URL y el t\u00edtulo de la p\u00e1gina web que enlaza con las redes sociales. Actualmente ScorecardResearch forma parte de ComScore.  <\/p>\t\t\t\t\t\t\t\t<\/div>\n\t\t\t\t<\/div>\n\t\t\t\t<div class=\"elementor-element elementor-element-2740251 elementor-widget elementor-widget-heading\" data-id=\"2740251\" data-element_type=\"widget\" data-widget_type=\"heading.default\">\n\t\t\t\t<div class=\"elementor-widget-container\">\n\t\t\t\t\t<h3 class=\"elementor-heading-title elementor-size-default\">6. Otros<\/h3>\t\t\t\t<\/div>\n\t\t\t\t<\/div>\n\t\t\t\t<div class=\"elementor-element elementor-element-0fcc1e7 elementor-widget elementor-widget-text-editor\" data-id=\"0fcc1e7\" data-element_type=\"widget\" data-widget_type=\"text-editor.default\">\n\t\t\t\t<div class=\"elementor-widget-container\">\n\t\t\t\t\t\t\t\t\t<p>Para realizar cualquier tipo de consulta respecto a esta pol\u00edtica puede dirigirse a la siguiente direcci\u00f3n de correo electr\u00f3nico: info@cantaragrup.com<\/p>\t\t\t\t\t\t\t\t<\/div>\n\t\t\t\t<\/div>\n\t\t\t\t<div class=\"elementor-element elementor-element-5a76b27 elementor-widget elementor-widget-heading\" data-id=\"5a76b27\" data-element_type=\"widget\" data-widget_type=\"heading.default\">\n\t\t\t\t<div class=\"elementor-widget-container\">\n\t\t\t\t\t<h3 class=\"elementor-heading-title elementor-size-default\">7. Vigencia y modifciaci\u00f3n de esta pol\u00edtica de cookies<\/h3>\t\t\t\t<\/div>\n\t\t\t\t<\/div>\n\t\t\t\t<div class=\"elementor-element elementor-element-0c7d5f7 elementor-widget elementor-widget-text-editor\" data-id=\"0c7d5f7\" data-element_type=\"widget\" data-widget_type=\"text-editor.default\">\n\t\t\t\t<div class=\"elementor-widget-container\">\n\t\t\t\t\t\t\t\t\t<p>La Pol\u00edtica de Cookies del sitio web www.cantaragrup.com ha sido actualizada en junio de 2015.<br>Cantara Business, se reserva el derecho a modificar su Pol\u00edtica de Cookies del sitio web en el caso de que exista un cambio en la legislaci\u00f3n vigente, doctrinal, jurisprudencial o por criterios propios empresariales. Si se introdujera alg\u00fan cambio en esta Pol\u00edtica, el nuevo texto ser\u00e1 publicado en este mismo sitio web. <\/p><p>Se recomienda a los Usuarios de Internet que accedan peri\u00f3dicamente a esta Pol\u00edtica de Cookies que encontrar\u00e1n en el sitio web http:\/\/www.cobertesindustrials.com.<\/p>\t\t\t\t\t\t\t\t<\/div>\n\t\t\t\t<\/div>\n\t\t\t\t\t<\/div>\n\t\t\t\t<\/div>\n\t\t\t\t<\/div>\n\t\t","protected":false},"excerpt":{"rendered":"<p>1. Introducci\u00f3n Este documento describe la Pol\u00edtica de cookies que regula el sitio web www.cantaragrup.com, con el objetivo de garantizar&#8230;<\/p>\n","protected":false},"author":1,"featured_media":0,"parent":0,"menu_order":0,"comment_status":"closed","ping_status":"closed","template":"","meta":{"_joinchat":[],"footnotes":""},"class_list":["post-988530","page","type-page","status-publish","hentry"],"yoast_head":"<!-- This site is optimized with the Yoast SEO plugin v26.2 - https:\/\/yoast.com\/wordpress\/plugins\/seo\/ -->\n<title>Cobertes Industrials Cantara \u00b7 Extracci\u00f3n amianto y Cubiertas Ind.<\/title>\n<meta name=\"description\" content=\"Cobertes Industrials Cantara \u00b7 Extracci\u00f3 amiant, cobertes industrials i agr\u00edcoles a Catalunya. Instal\u00b7laci\u00f3 de cobertes industrials.\" \/>\n<meta name=\"robots\" content=\"index, follow, max-snippet:-1, max-image-preview:large, max-video-preview:-1\" \/>\n<link rel=\"canonical\" href=\"https:\/\/cobertesindustrials.com\/es\/politica-de-privacidad\/\" \/>\n<meta property=\"og:locale\" content=\"es_ES\" \/>\n<meta property=\"og:type\" content=\"article\" \/>\n<meta property=\"og:title\" content=\"Cobertes Industrials Cantara \u00b7 Extracci\u00f3n amianto y Cubiertas Ind.\" \/>\n<meta property=\"og:description\" content=\"Cobertes Industrials Cantara \u00b7 Extracci\u00f3 amiant, cobertes industrials i agr\u00edcoles a Catalunya. Instal\u00b7laci\u00f3 de cobertes industrials.\" \/>\n<meta property=\"og:url\" content=\"https:\/\/cobertesindustrials.com\/es\/politica-de-privacidad\/\" \/>\n<meta property=\"og:site_name\" content=\"Cobertes Industrials Cantara \u00b7 Extracci\u00f3 amiant, cobertes industrials i agr\u00edcoles a Catalunya\" \/>\n<meta property=\"article:modified_time\" content=\"2025-10-28T16:05:26+00:00\" \/>\n<meta name=\"twitter:card\" content=\"summary_large_image\" \/>\n<meta name=\"twitter:label1\" content=\"Tiempo de lectura\" \/>\n\t<meta name=\"twitter:data1\" content=\"9 minutos\" \/>\n<script type=\"application\/ld+json\" class=\"yoast-schema-graph\">{\"@context\":\"https:\/\/schema.org\",\"@graph\":[{\"@type\":\"WebPage\",\"@id\":\"https:\/\/cobertesindustrials.com\/es\/politica-de-privacidad\/\",\"url\":\"https:\/\/cobertesindustrials.com\/es\/politica-de-privacidad\/\",\"name\":\"Cobertes Industrials Cantara \u00b7 Extracci\u00f3n amianto y Cubiertas Ind.\",\"isPartOf\":{\"@id\":\"https:\/\/cobertesindustrials.com\/#website\"},\"datePublished\":\"2024-08-16T20:24:38+00:00\",\"dateModified\":\"2025-10-28T16:05:26+00:00\",\"description\":\"Cobertes Industrials Cantara \u00b7 Extracci\u00f3 amiant, cobertes industrials i agr\u00edcoles a Catalunya. Instal\u00b7laci\u00f3 de cobertes industrials.\",\"breadcrumb\":{\"@id\":\"https:\/\/cobertesindustrials.com\/es\/politica-de-privacidad\/#breadcrumb\"},\"inLanguage\":\"es\",\"potentialAction\":[{\"@type\":\"ReadAction\",\"target\":[\"https:\/\/cobertesindustrials.com\/es\/politica-de-privacidad\/\"]}]},{\"@type\":\"BreadcrumbList\",\"@id\":\"https:\/\/cobertesindustrials.com\/es\/politica-de-privacidad\/#breadcrumb\",\"itemListElement\":[{\"@type\":\"ListItem\",\"position\":1,\"name\":\"Home\",\"item\":\"https:\/\/cobertesindustrials.com\/\"},{\"@type\":\"ListItem\",\"position\":2,\"name\":\"Pol\u00edtica de privacidad\"}]},{\"@type\":\"WebSite\",\"@id\":\"https:\/\/cobertesindustrials.com\/#website\",\"url\":\"https:\/\/cobertesindustrials.com\/\",\"name\":\"Cobertes Industrials Cantara \u00b7 Extracci\u00f3 amiant, cobertes industrials i agr\u00edcoles a Catalunya\",\"description\":\"Cobertes Industrials Cantara \u00b7 Extracci\u00f3 amiant, cobertes industrials i agr\u00edcoles a Catalunya\",\"potentialAction\":[{\"@type\":\"SearchAction\",\"target\":{\"@type\":\"EntryPoint\",\"urlTemplate\":\"https:\/\/cobertesindustrials.com\/?s={search_term_string}\"},\"query-input\":{\"@type\":\"PropertyValueSpecification\",\"valueRequired\":true,\"valueName\":\"search_term_string\"}}],\"inLanguage\":\"es\"}]}<\/script>\n<!-- \/ Yoast SEO plugin. -->","yoast_head_json":{"title":"Cobertes Industrials Cantara \u00b7 Extracci\u00f3n amianto y Cubiertas Ind.","description":"Cobertes Industrials Cantara \u00b7 Extracci\u00f3 amiant, cobertes industrials i agr\u00edcoles a Catalunya. Instal\u00b7laci\u00f3 de cobertes industrials.","robots":{"index":"index","follow":"follow","max-snippet":"max-snippet:-1","max-image-preview":"max-image-preview:large","max-video-preview":"max-video-preview:-1"},"canonical":"https:\/\/cobertesindustrials.com\/es\/politica-de-privacidad\/","og_locale":"es_ES","og_type":"article","og_title":"Cobertes Industrials Cantara \u00b7 Extracci\u00f3n amianto y Cubiertas Ind.","og_description":"Cobertes Industrials Cantara \u00b7 Extracci\u00f3 amiant, cobertes industrials i agr\u00edcoles a Catalunya. Instal\u00b7laci\u00f3 de cobertes industrials.","og_url":"https:\/\/cobertesindustrials.com\/es\/politica-de-privacidad\/","og_site_name":"Cobertes Industrials Cantara \u00b7 Extracci\u00f3 amiant, cobertes industrials i agr\u00edcoles a Catalunya","article_modified_time":"2025-10-28T16:05:26+00:00","twitter_card":"summary_large_image","twitter_misc":{"Tiempo de lectura":"9 minutos"},"schema":{"@context":"https:\/\/schema.org","@graph":[{"@type":"WebPage","@id":"https:\/\/cobertesindustrials.com\/es\/politica-de-privacidad\/","url":"https:\/\/cobertesindustrials.com\/es\/politica-de-privacidad\/","name":"Cobertes Industrials Cantara \u00b7 Extracci\u00f3n amianto y Cubiertas Ind.","isPartOf":{"@id":"https:\/\/cobertesindustrials.com\/#website"},"datePublished":"2024-08-16T20:24:38+00:00","dateModified":"2025-10-28T16:05:26+00:00","description":"Cobertes Industrials Cantara \u00b7 Extracci\u00f3 amiant, cobertes industrials i agr\u00edcoles a Catalunya. Instal\u00b7laci\u00f3 de cobertes industrials.","breadcrumb":{"@id":"https:\/\/cobertesindustrials.com\/es\/politica-de-privacidad\/#breadcrumb"},"inLanguage":"es","potentialAction":[{"@type":"ReadAction","target":["https:\/\/cobertesindustrials.com\/es\/politica-de-privacidad\/"]}]},{"@type":"BreadcrumbList","@id":"https:\/\/cobertesindustrials.com\/es\/politica-de-privacidad\/#breadcrumb","itemListElement":[{"@type":"ListItem","position":1,"name":"Home","item":"https:\/\/cobertesindustrials.com\/"},{"@type":"ListItem","position":2,"name":"Pol\u00edtica de privacidad"}]},{"@type":"WebSite","@id":"https:\/\/cobertesindustrials.com\/#website","url":"https:\/\/cobertesindustrials.com\/","name":"Cobertes Industrials Cantara \u00b7 Extracci\u00f3 amiant, cobertes industrials i agr\u00edcoles a Catalunya","description":"Cobertes Industrials Cantara \u00b7 Extracci\u00f3 amiant, cobertes industrials i agr\u00edcoles a Catalunya","potentialAction":[{"@type":"SearchAction","target":{"@type":"EntryPoint","urlTemplate":"https:\/\/cobertesindustrials.com\/?s={search_term_string}"},"query-input":{"@type":"PropertyValueSpecification","valueRequired":true,"valueName":"search_term_string"}}],"inLanguage":"es"}]}},"_links":{"self":[{"href":"https:\/\/cobertesindustrials.com\/es\/wp-json\/wp\/v2\/pages\/988530","targetHints":{"allow":["GET"]}}],"collection":[{"href":"https:\/\/cobertesindustrials.com\/es\/wp-json\/wp\/v2\/pages"}],"about":[{"href":"https:\/\/cobertesindustrials.com\/es\/wp-json\/wp\/v2\/types\/page"}],"author":[{"embeddable":true,"href":"https:\/\/cobertesindustrials.com\/es\/wp-json\/wp\/v2\/users\/1"}],"replies":[{"embeddable":true,"href":"https:\/\/cobertesindustrials.com\/es\/wp-json\/wp\/v2\/comments?post=988530"}],"version-history":[{"count":1,"href":"https:\/\/cobertesindustrials.com\/es\/wp-json\/wp\/v2\/pages\/988530\/revisions"}],"predecessor-version":[{"id":988531,"href":"https:\/\/cobertesindustrials.com\/es\/wp-json\/wp\/v2\/pages\/988530\/revisions\/988531"}],"wp:attachment":[{"href":"https:\/\/cobertesindustrials.com\/es\/wp-json\/wp\/v2\/media?parent=988530"}],"curies":[{"name":"wp","href":"https:\/\/api.w.org\/{rel}","templated":true}]}}