{"id":988534,"date":"2024-09-04T10:29:47","date_gmt":"2024-09-04T08:29:47","guid":{"rendered":"https:\/\/cobertesindustrials.com\/servicios\/"},"modified":"2025-10-28T17:13:30","modified_gmt":"2025-10-28T16:13:30","slug":"servicios","status":"publish","type":"page","link":"https:\/\/cobertesindustrials.com\/es\/servicios\/","title":{"rendered":"Servicios"},"content":{"rendered":"\t\t<div data-elementor-type=\"wp-page\" data-elementor-id=\"988534\" class=\"elementor elementor-988534 elementor-139\" data-elementor-post-type=\"page\">\n\t\t\t\t<div class=\"elementor-element elementor-element-bf300c0 e-flex e-con-boxed e-con e-parent\" data-id=\"bf300c0\" data-element_type=\"container\">\n\t\t\t\t\t<div class=\"e-con-inner\">\n\t\t<div class=\"elementor-element elementor-element-53e7263 e-con-full e-flex e-con e-child\" data-id=\"53e7263\" data-element_type=\"container\">\n\t\t\t\t<div class=\"elementor-element elementor-element-a3536f1 elementor-widget__width-initial elementor-widget elementor-widget-heading\" data-id=\"a3536f1\" data-element_type=\"widget\" data-widget_type=\"heading.default\">\n\t\t\t\t<div class=\"elementor-widget-container\">\n\t\t\t\t\t<h6 class=\"elementor-heading-title elementor-size-default\">Compromiso y profesionalidad<\/h6>\t\t\t\t<\/div>\n\t\t\t\t<\/div>\n\t\t\t\t<div class=\"elementor-element elementor-element-92d7a23 elementor-widget__width-initial elementor-widget-mobile__width-inherit elementor-widget elementor-widget-text-editor\" data-id=\"92d7a23\" data-element_type=\"widget\" data-widget_type=\"text-editor.default\">\n\t\t\t\t<div class=\"elementor-widget-container\">\n\t\t\t\t\t\t\t\t\t<p data-start=\"189\" data-end=\"459\">Ofrecemos servicios con la m\u00e1xima exigencia t\u00e9cnica y gesti\u00f3n rigurosa. Cada proyecto se ejecuta con un equipo altamente calificado, protocolos definidos y un seguimiento constante, garantizando resultados impecables y adaptados a las necesidades de cada cliente. <\/p>\t\t\t\t\t\t\t\t<\/div>\n\t\t\t\t<\/div>\n\t\t\t\t<\/div>\n\t\t<div class=\"elementor-element elementor-element-acac808 e-con-full e-flex e-con e-child\" data-id=\"acac808\" data-element_type=\"container\">\n\t\t\t\t<div class=\"elementor-element elementor-element-2cd2bd4 elementor-widget__width-initial elementor-widget elementor-widget-heading\" data-id=\"2cd2bd4\" data-element_type=\"widget\" data-widget_type=\"heading.default\">\n\t\t\t\t<div class=\"elementor-widget-container\">\n\t\t\t\t\t<h6 class=\"elementor-heading-title elementor-size-default\">Soluciones integrales a medida<\/h6>\t\t\t\t<\/div>\n\t\t\t\t<\/div>\n\t\t\t\t<div class=\"elementor-element elementor-element-2cc4061 elementor-widget__width-initial elementor-widget elementor-widget-text-editor\" data-id=\"2cc4061\" data-element_type=\"widget\" data-widget_type=\"text-editor.default\">\n\t\t\t\t<div class=\"elementor-widget-container\">\n\t\t\t\t\t\t\t\t\t<p>Estudiamos cada caso con detalle para ofrecerle la mejor soluci\u00f3n t\u00e9cnica y est\u00e9tica. Desde la extracci\u00f3n de amianto hasta la instalaci\u00f3n de cubiertas, fachadas y sistemas de seguridad, integramos todos los servicios necesarios para una ejecuci\u00f3n eficiente, segura y sin complicaciones. <\/p>\t\t\t\t\t\t\t\t<\/div>\n\t\t\t\t<\/div>\n\t\t\t\t<\/div>\n\t\t\t\t\t<\/div>\n\t\t\t\t<\/div>\n\t\t<div class=\"elementor-element elementor-element-5ea6966 e-flex e-con-boxed e-con e-parent\" data-id=\"5ea6966\" data-element_type=\"container\">\n\t\t\t\t\t<div class=\"e-con-inner\">\n\t\t<div class=\"elementor-element elementor-element-3cd8d2a e-con-full e-flex e-con e-child\" data-id=\"3cd8d2a\" data-element_type=\"container\">\n\t\t\t\t<div class=\"elementor-element elementor-element-67358e0 elementor-invisible elementor-widget elementor-widget-heading\" data-id=\"67358e0\" data-element_type=\"widget\" data-settings=\"{&quot;_animation&quot;:&quot;fadeInUp&quot;,&quot;_animation_tablet&quot;:&quot;none&quot;,&quot;_animation_delay&quot;:400}\" data-widget_type=\"heading.default\">\n\t\t\t\t<div class=\"elementor-widget-container\">\n\t\t\t\t\t<h2 class=\"elementor-heading-title elementor-size-default\">Nuestros servicios<\/h2>\t\t\t\t<\/div>\n\t\t\t\t<\/div>\n\t\t\t\t<div class=\"elementor-element elementor-element-c2f2433 elementor-widget__width-initial elementor-widget-mobile__width-inherit elementor-invisible elementor-widget elementor-widget-heading\" data-id=\"c2f2433\" data-element_type=\"widget\" data-settings=\"{&quot;_animation&quot;:&quot;fadeIn&quot;,&quot;_animation_tablet&quot;:&quot;none&quot;,&quot;_animation_delay&quot;:200}\" data-widget_type=\"heading.default\">\n\t\t\t\t<div class=\"elementor-widget-container\">\n\t\t\t\t\t<h3 class=\"elementor-heading-title elementor-size-default\">Soluciones seguras, eficientes y de calidad.<\/h3>\t\t\t\t<\/div>\n\t\t\t\t<\/div>\n\t\t<div class=\"elementor-element elementor-element-1a0cc83 e-con-full e-flex e-con e-child\" data-id=\"1a0cc83\" data-element_type=\"container\">\n\t\t<a class=\"elementor-element elementor-element-f0a2910 e-con-full e-flex e-con e-child\" data-id=\"f0a2910\" data-element_type=\"container\" href=\"https:\/\/cobertesindustrials.com\/serveis\/extraccio-amiant\/\">\n\t\t\t\t<div class=\"elementor-element elementor-element-295e4d4 elementor-widget__width-initial elementor-widget elementor-widget-heading\" data-id=\"295e4d4\" data-element_type=\"widget\" data-widget_type=\"heading.default\">\n\t\t\t\t<div class=\"elementor-widget-container\">\n\t\t\t\t\t<span class=\"elementor-heading-title elementor-size-default\">Extracci\u00f3n de amianto \/\/ Certificado RERA 04\/AB\/13<\/span>\t\t\t\t<\/div>\n\t\t\t\t<\/div>\n\t\t\t\t<div class=\"elementor-element elementor-element-e7e4ba7 elementor-view-default elementor-widget elementor-widget-icon\" data-id=\"e7e4ba7\" data-element_type=\"widget\" data-widget_type=\"icon.default\">\n\t\t\t\t<div class=\"elementor-widget-container\">\n\t\t\t\t\t\t\t<div class=\"elementor-icon-wrapper\">\n\t\t\t<div class=\"elementor-icon\">\n\t\t\t<i aria-hidden=\"true\" class=\"vamtamtheme- vamtam-theme-arrow-1\"><\/i>\t\t\t<\/div>\n\t\t<\/div>\n\t\t\t\t\t\t<\/div>\n\t\t\t\t<\/div>\n\t\t\t\t<\/a>\n\t\t<a class=\"elementor-element elementor-element-c303e46 e-con-full e-flex e-con e-child\" data-id=\"c303e46\" data-element_type=\"container\" href=\"https:\/\/cobertesindustrials.com\/serveis\/cobertes-industrials-cantara\/\">\n\t\t\t\t<div class=\"elementor-element elementor-element-5dd6348 elementor-widget__width-initial elementor-widget elementor-widget-heading\" data-id=\"5dd6348\" data-element_type=\"widget\" data-widget_type=\"heading.default\">\n\t\t\t\t<div class=\"elementor-widget-container\">\n\t\t\t\t\t<span class=\"elementor-heading-title elementor-size-default\">Cubiertas Industriales<\/span>\t\t\t\t<\/div>\n\t\t\t\t<\/div>\n\t\t\t\t<div class=\"elementor-element elementor-element-b917a64 elementor-view-default elementor-widget elementor-widget-icon\" data-id=\"b917a64\" data-element_type=\"widget\" data-widget_type=\"icon.default\">\n\t\t\t\t<div class=\"elementor-widget-container\">\n\t\t\t\t\t\t\t<div class=\"elementor-icon-wrapper\">\n\t\t\t<div class=\"elementor-icon\">\n\t\t\t<i aria-hidden=\"true\" class=\"vamtamtheme- vamtam-theme-arrow-1\"><\/i>\t\t\t<\/div>\n\t\t<\/div>\n\t\t\t\t\t\t<\/div>\n\t\t\t\t<\/div>\n\t\t\t\t<\/a>\n\t\t<a class=\"elementor-element elementor-element-c23939d e-con-full e-flex e-con e-child\" data-id=\"c23939d\" data-element_type=\"container\" href=\"https:\/\/cobertesindustrials.com\/serveis\/cobertes-industrials-cantara\/\">\n\t\t\t\t<div class=\"elementor-element elementor-element-95efd9f elementor-widget__width-initial elementor-widget elementor-widget-heading\" data-id=\"95efd9f\" data-element_type=\"widget\" data-widget_type=\"heading.default\">\n\t\t\t\t<div class=\"elementor-widget-container\">\n\t\t\t\t\t<span class=\"elementor-heading-title elementor-size-default\">Cubiertas agr\u00edcoles<\/span>\t\t\t\t<\/div>\n\t\t\t\t<\/div>\n\t\t\t\t<div class=\"elementor-element elementor-element-3f2632d elementor-view-default elementor-widget elementor-widget-icon\" data-id=\"3f2632d\" data-element_type=\"widget\" data-widget_type=\"icon.default\">\n\t\t\t\t<div class=\"elementor-widget-container\">\n\t\t\t\t\t\t\t<div class=\"elementor-icon-wrapper\">\n\t\t\t<div class=\"elementor-icon\">\n\t\t\t<i aria-hidden=\"true\" class=\"vamtamtheme- vamtam-theme-arrow-1\"><\/i>\t\t\t<\/div>\n\t\t<\/div>\n\t\t\t\t\t\t<\/div>\n\t\t\t\t<\/div>\n\t\t\t\t<\/a>\n\t\t<a class=\"elementor-element elementor-element-34a3428 e-con-full e-flex e-con e-child\" data-id=\"34a3428\" data-element_type=\"container\" href=\"https:\/\/cobertesindustrials.com\/serveis\/tramits-ajudes-extraccio-amiant\/\">\n\t\t\t\t<div class=\"elementor-element elementor-element-c6eea0f elementor-widget__width-initial elementor-widget elementor-widget-heading\" data-id=\"c6eea0f\" data-element_type=\"widget\" data-widget_type=\"heading.default\">\n\t\t\t\t<div class=\"elementor-widget-container\">\n\t\t\t\t\t<span class=\"elementor-heading-title elementor-size-default\">Tr\u00e1mites en ayudas para retirar amianto<\/span>\t\t\t\t<\/div>\n\t\t\t\t<\/div>\n\t\t\t\t<div class=\"elementor-element elementor-element-9c6c66d elementor-view-default elementor-widget elementor-widget-icon\" data-id=\"9c6c66d\" data-element_type=\"widget\" data-widget_type=\"icon.default\">\n\t\t\t\t<div class=\"elementor-widget-container\">\n\t\t\t\t\t\t\t<div class=\"elementor-icon-wrapper\">\n\t\t\t<div class=\"elementor-icon\">\n\t\t\t<i aria-hidden=\"true\" class=\"vamtamtheme- vamtam-theme-arrow-1\"><\/i>\t\t\t<\/div>\n\t\t<\/div>\n\t\t\t\t\t\t<\/div>\n\t\t\t\t<\/div>\n\t\t\t\t<\/a>\n\t\t<a class=\"elementor-element elementor-element-3aa0af7 e-con-full e-flex e-con e-child\" data-id=\"3aa0af7\" data-element_type=\"container\" href=\"https:\/\/cobertesindustrials.com\/serveis\/facanes-metalliques\/\">\n\t\t\t\t<div class=\"elementor-element elementor-element-a3d3868 elementor-widget__width-initial elementor-widget elementor-widget-heading\" data-id=\"a3d3868\" data-element_type=\"widget\" data-widget_type=\"heading.default\">\n\t\t\t\t<div class=\"elementor-widget-container\">\n\t\t\t\t\t<span class=\"elementor-heading-title elementor-size-default\">Fachadas met\u00e1licas<\/span>\t\t\t\t<\/div>\n\t\t\t\t<\/div>\n\t\t\t\t<div class=\"elementor-element elementor-element-6ba89fe elementor-view-default elementor-widget elementor-widget-icon\" data-id=\"6ba89fe\" data-element_type=\"widget\" data-widget_type=\"icon.default\">\n\t\t\t\t<div class=\"elementor-widget-container\">\n\t\t\t\t\t\t\t<div class=\"elementor-icon-wrapper\">\n\t\t\t<div class=\"elementor-icon\">\n\t\t\t<i aria-hidden=\"true\" class=\"vamtamtheme- vamtam-theme-arrow-1\"><\/i>\t\t\t<\/div>\n\t\t<\/div>\n\t\t\t\t\t\t<\/div>\n\t\t\t\t<\/div>\n\t\t\t\t<\/a>\n\t\t<a class=\"elementor-element elementor-element-25f1dc7 e-con-full e-flex e-con e-child\" data-id=\"25f1dc7\" data-element_type=\"container\" href=\"https:\/\/cobertesindustrials.com\/serveis\/facanes-metalliques\/\">\n\t\t\t\t<div class=\"elementor-element elementor-element-0e7b48c elementor-widget__width-initial elementor-widget elementor-widget-heading\" data-id=\"0e7b48c\" data-element_type=\"widget\" data-widget_type=\"heading.default\">\n\t\t\t\t<div class=\"elementor-widget-container\">\n\t\t\t\t\t<span class=\"elementor-heading-title elementor-size-default\">L\u00edneas de vida homologadas<\/span>\t\t\t\t<\/div>\n\t\t\t\t<\/div>\n\t\t\t\t<div class=\"elementor-element elementor-element-7a162aa elementor-view-default elementor-widget elementor-widget-icon\" data-id=\"7a162aa\" data-element_type=\"widget\" data-widget_type=\"icon.default\">\n\t\t\t\t<div class=\"elementor-widget-container\">\n\t\t\t\t\t\t\t<div class=\"elementor-icon-wrapper\">\n\t\t\t<div class=\"elementor-icon\">\n\t\t\t<i aria-hidden=\"true\" class=\"vamtamtheme- vamtam-theme-arrow-1\"><\/i>\t\t\t<\/div>\n\t\t<\/div>\n\t\t\t\t\t\t<\/div>\n\t\t\t\t<\/div>\n\t\t\t\t<\/a>\n\t\t\t\t<\/div>\n\t\t\t\t<\/div>\n\t\t<div class=\"elementor-element elementor-element-7976bac e-con-full e-flex e-con e-child\" data-id=\"7976bac\" data-element_type=\"container\" data-settings=\"{&quot;background_background&quot;:&quot;classic&quot;}\">\n\t\t\t\t<\/div>\n\t\t\t\t\t<\/div>\n\t\t\t\t<\/div>\n\t\t\t\t<\/div>\n\t\t","protected":false},"excerpt":{"rendered":"<p>Servicios especializados con garant\u00eda profesional<\/p>\n","protected":false},"author":1,"featured_media":988533,"parent":0,"menu_order":0,"comment_status":"closed","ping_status":"closed","template":"","meta":{"_joinchat":[],"footnotes":""},"class_list":["post-988534","page","type-page","status-publish","has-post-thumbnail","hentry"],"yoast_head":"<!-- This site is optimized with the Yoast SEO plugin v26.2 - https:\/\/yoast.com\/wordpress\/plugins\/seo\/ -->\n<title>Cobertes Industrials Cantara \u00b7 Extracci\u00f3n amianto y Cubiertas Ind.<\/title>\n<meta name=\"description\" content=\"Cobertes Industrials Cantara \u00b7 Extracci\u00f3n amianto, cubiertas industriales y agr\u00edcolas en Catalu\u00f1a \u00b7 Divisiones horizontales verticales en Catalu\u00f1a\" \/>\n<meta name=\"robots\" content=\"index, follow, max-snippet:-1, max-image-preview:large, max-video-preview:-1\" \/>\n<link rel=\"canonical\" href=\"https:\/\/cobertesindustrials.com\/es\/servicios\/\" \/>\n<meta property=\"og:locale\" content=\"es_ES\" \/>\n<meta property=\"og:type\" content=\"article\" \/>\n<meta property=\"og:title\" content=\"Cobertes Industrials Cantara \u00b7 Extracci\u00f3n amianto y Cubiertas Ind.\" \/>\n<meta property=\"og:description\" content=\"Cobertes Industrials Cantara \u00b7 Extracci\u00f3n amianto, cubiertas industriales y agr\u00edcolas en Catalu\u00f1a \u00b7 Divisiones horizontales verticales en Catalu\u00f1a\" \/>\n<meta property=\"og:url\" content=\"https:\/\/cobertesindustrials.com\/es\/servicios\/\" \/>\n<meta property=\"og:site_name\" content=\"Cobertes Industrials Cantara \u00b7 Extracci\u00f3 amiant, cobertes industrials i agr\u00edcoles a Catalunya\" \/>\n<meta property=\"article:modified_time\" content=\"2025-10-28T16:13:30+00:00\" \/>\n<meta property=\"og:image\" content=\"https:\/\/cobertesindustrials.com\/wp-content\/uploads\/2025\/06\/facana_metal\u00b7lica_manresa_h-1024x576.jpg\" \/>\n\t<meta property=\"og:image:width\" content=\"1024\" \/>\n\t<meta property=\"og:image:height\" content=\"576\" \/>\n\t<meta property=\"og:image:type\" content=\"image\/jpeg\" \/>\n<meta name=\"twitter:card\" content=\"summary_large_image\" \/>\n<meta name=\"twitter:label1\" content=\"Tiempo de lectura\" \/>\n\t<meta name=\"twitter:data1\" content=\"1 minuto\" \/>\n<script type=\"application\/ld+json\" class=\"yoast-schema-graph\">{\"@context\":\"https:\/\/schema.org\",\"@graph\":[{\"@type\":\"WebPage\",\"@id\":\"https:\/\/cobertesindustrials.com\/es\/servicios\/\",\"url\":\"https:\/\/cobertesindustrials.com\/es\/servicios\/\",\"name\":\"Cobertes Industrials Cantara \u00b7 Extracci\u00f3n amianto y Cubiertas Ind.\",\"isPartOf\":{\"@id\":\"https:\/\/cobertesindustrials.com\/#website\"},\"primaryImageOfPage\":{\"@id\":\"https:\/\/cobertesindustrials.com\/es\/servicios\/#primaryimage\"},\"image\":{\"@id\":\"https:\/\/cobertesindustrials.com\/es\/servicios\/#primaryimage\"},\"thumbnailUrl\":\"https:\/\/cobertesindustrials.com\/wp-content\/uploads\/2025\/06\/facana_metal\u00b7lica_manresa_h.jpg\",\"datePublished\":\"2024-09-04T08:29:47+00:00\",\"dateModified\":\"2025-10-28T16:13:30+00:00\",\"description\":\"Cobertes Industrials Cantara \u00b7 Extracci\u00f3n amianto, cubiertas industriales y agr\u00edcolas en Catalu\u00f1a \u00b7 Divisiones horizontales verticales en Catalu\u00f1a\",\"breadcrumb\":{\"@id\":\"https:\/\/cobertesindustrials.com\/es\/servicios\/#breadcrumb\"},\"inLanguage\":\"es\",\"potentialAction\":[{\"@type\":\"ReadAction\",\"target\":[\"https:\/\/cobertesindustrials.com\/es\/servicios\/\"]}]},{\"@type\":\"ImageObject\",\"inLanguage\":\"es\",\"@id\":\"https:\/\/cobertesindustrials.com\/es\/servicios\/#primaryimage\",\"url\":\"https:\/\/cobertesindustrials.com\/wp-content\/uploads\/2025\/06\/facana_metal\u00b7lica_manresa_h.jpg\",\"contentUrl\":\"https:\/\/cobertesindustrials.com\/wp-content\/uploads\/2025\/06\/facana_metal\u00b7lica_manresa_h.jpg\",\"width\":2560,\"height\":1440},{\"@type\":\"BreadcrumbList\",\"@id\":\"https:\/\/cobertesindustrials.com\/es\/servicios\/#breadcrumb\",\"itemListElement\":[{\"@type\":\"ListItem\",\"position\":1,\"name\":\"Home\",\"item\":\"https:\/\/cobertesindustrials.com\/\"},{\"@type\":\"ListItem\",\"position\":2,\"name\":\"Servicios\"}]},{\"@type\":\"WebSite\",\"@id\":\"https:\/\/cobertesindustrials.com\/#website\",\"url\":\"https:\/\/cobertesindustrials.com\/\",\"name\":\"Cobertes Industrials Cantara \u00b7 Extracci\u00f3 amiant, cobertes industrials i agr\u00edcoles a Catalunya\",\"description\":\"Cobertes Industrials Cantara \u00b7 Extracci\u00f3 amiant, cobertes industrials i agr\u00edcoles a Catalunya\",\"potentialAction\":[{\"@type\":\"SearchAction\",\"target\":{\"@type\":\"EntryPoint\",\"urlTemplate\":\"https:\/\/cobertesindustrials.com\/?s={search_term_string}\"},\"query-input\":{\"@type\":\"PropertyValueSpecification\",\"valueRequired\":true,\"valueName\":\"search_term_string\"}}],\"inLanguage\":\"es\"}]}<\/script>\n<!-- \/ Yoast SEO plugin. -->","yoast_head_json":{"title":"Cobertes Industrials Cantara \u00b7 Extracci\u00f3n amianto y Cubiertas Ind.","description":"Cobertes Industrials Cantara \u00b7 Extracci\u00f3n amianto, cubiertas industriales y agr\u00edcolas en Catalu\u00f1a \u00b7 Divisiones horizontales verticales en Catalu\u00f1a","robots":{"index":"index","follow":"follow","max-snippet":"max-snippet:-1","max-image-preview":"max-image-preview:large","max-video-preview":"max-video-preview:-1"},"canonical":"https:\/\/cobertesindustrials.com\/es\/servicios\/","og_locale":"es_ES","og_type":"article","og_title":"Cobertes Industrials Cantara \u00b7 Extracci\u00f3n amianto y Cubiertas Ind.","og_description":"Cobertes Industrials Cantara \u00b7 Extracci\u00f3n amianto, cubiertas industriales y agr\u00edcolas en Catalu\u00f1a \u00b7 Divisiones horizontales verticales en Catalu\u00f1a","og_url":"https:\/\/cobertesindustrials.com\/es\/servicios\/","og_site_name":"Cobertes Industrials Cantara \u00b7 Extracci\u00f3 amiant, cobertes industrials i agr\u00edcoles a Catalunya","article_modified_time":"2025-10-28T16:13:30+00:00","og_image":[{"width":1024,"height":576,"url":"https:\/\/cobertesindustrials.com\/wp-content\/uploads\/2025\/06\/facana_metal\u00b7lica_manresa_h-1024x576.jpg","type":"image\/jpeg"}],"twitter_card":"summary_large_image","twitter_misc":{"Tiempo de lectura":"1 minuto"},"schema":{"@context":"https:\/\/schema.org","@graph":[{"@type":"WebPage","@id":"https:\/\/cobertesindustrials.com\/es\/servicios\/","url":"https:\/\/cobertesindustrials.com\/es\/servicios\/","name":"Cobertes Industrials Cantara \u00b7 Extracci\u00f3n amianto y Cubiertas Ind.","isPartOf":{"@id":"https:\/\/cobertesindustrials.com\/#website"},"primaryImageOfPage":{"@id":"https:\/\/cobertesindustrials.com\/es\/servicios\/#primaryimage"},"image":{"@id":"https:\/\/cobertesindustrials.com\/es\/servicios\/#primaryimage"},"thumbnailUrl":"https:\/\/cobertesindustrials.com\/wp-content\/uploads\/2025\/06\/facana_metal\u00b7lica_manresa_h.jpg","datePublished":"2024-09-04T08:29:47+00:00","dateModified":"2025-10-28T16:13:30+00:00","description":"Cobertes Industrials Cantara \u00b7 Extracci\u00f3n amianto, cubiertas industriales y agr\u00edcolas en Catalu\u00f1a \u00b7 Divisiones horizontales verticales en Catalu\u00f1a","breadcrumb":{"@id":"https:\/\/cobertesindustrials.com\/es\/servicios\/#breadcrumb"},"inLanguage":"es","potentialAction":[{"@type":"ReadAction","target":["https:\/\/cobertesindustrials.com\/es\/servicios\/"]}]},{"@type":"ImageObject","inLanguage":"es","@id":"https:\/\/cobertesindustrials.com\/es\/servicios\/#primaryimage","url":"https:\/\/cobertesindustrials.com\/wp-content\/uploads\/2025\/06\/facana_metal\u00b7lica_manresa_h.jpg","contentUrl":"https:\/\/cobertesindustrials.com\/wp-content\/uploads\/2025\/06\/facana_metal\u00b7lica_manresa_h.jpg","width":2560,"height":1440},{"@type":"BreadcrumbList","@id":"https:\/\/cobertesindustrials.com\/es\/servicios\/#breadcrumb","itemListElement":[{"@type":"ListItem","position":1,"name":"Home","item":"https:\/\/cobertesindustrials.com\/"},{"@type":"ListItem","position":2,"name":"Servicios"}]},{"@type":"WebSite","@id":"https:\/\/cobertesindustrials.com\/#website","url":"https:\/\/cobertesindustrials.com\/","name":"Cobertes Industrials Cantara \u00b7 Extracci\u00f3 amiant, cobertes industrials i agr\u00edcoles a Catalunya","description":"Cobertes Industrials Cantara \u00b7 Extracci\u00f3 amiant, cobertes industrials i agr\u00edcoles a Catalunya","potentialAction":[{"@type":"SearchAction","target":{"@type":"EntryPoint","urlTemplate":"https:\/\/cobertesindustrials.com\/?s={search_term_string}"},"query-input":{"@type":"PropertyValueSpecification","valueRequired":true,"valueName":"search_term_string"}}],"inLanguage":"es"}]}},"_links":{"self":[{"href":"https:\/\/cobertesindustrials.com\/es\/wp-json\/wp\/v2\/pages\/988534","targetHints":{"allow":["GET"]}}],"collection":[{"href":"https:\/\/cobertesindustrials.com\/es\/wp-json\/wp\/v2\/pages"}],"about":[{"href":"https:\/\/cobertesindustrials.com\/es\/wp-json\/wp\/v2\/types\/page"}],"author":[{"embeddable":true,"href":"https:\/\/cobertesindustrials.com\/es\/wp-json\/wp\/v2\/users\/1"}],"replies":[{"embeddable":true,"href":"https:\/\/cobertesindustrials.com\/es\/wp-json\/wp\/v2\/comments?post=988534"}],"version-history":[{"count":1,"href":"https:\/\/cobertesindustrials.com\/es\/wp-json\/wp\/v2\/pages\/988534\/revisions"}],"predecessor-version":[{"id":988535,"href":"https:\/\/cobertesindustrials.com\/es\/wp-json\/wp\/v2\/pages\/988534\/revisions\/988535"}],"wp:featuredmedia":[{"embeddable":true,"href":"https:\/\/cobertesindustrials.com\/es\/wp-json\/wp\/v2\/media\/988533"}],"wp:attachment":[{"href":"https:\/\/cobertesindustrials.com\/es\/wp-json\/wp\/v2\/media?parent=988534"}],"curies":[{"name":"wp","href":"https:\/\/api.w.org\/{rel}","templated":true}]}}