{"id":988536,"date":"2024-09-05T11:51:06","date_gmt":"2024-09-05T09:51:06","guid":{"rendered":"https:\/\/cobertesindustrials.com\/servicios\/cobertes-industrials\/"},"modified":"2025-10-30T16:38:20","modified_gmt":"2025-10-30T15:38:20","slug":"cobertes-industrials","status":"publish","type":"page","link":"https:\/\/cobertesindustrials.com\/es\/servicios\/cobertes-industrials\/","title":{"rendered":"Cubiertas Industriales"},"content":{"rendered":"\t\t<div data-elementor-type=\"wp-page\" data-elementor-id=\"988536\" class=\"elementor elementor-988536 elementor-707\" data-elementor-post-type=\"page\">\n\t\t\t\t<div class=\"elementor-element elementor-element-341055fa animated-fast e-flex e-con-boxed e-con e-parent\" data-id=\"341055fa\" data-element_type=\"container\" data-settings=\"{&quot;animation&quot;:&quot;none&quot;,&quot;animation_tablet&quot;:&quot;none&quot;}\">\n\t\t\t\t\t<div class=\"e-con-inner\">\n\t\t\t\t<div class=\"elementor-element elementor-element-6dfbb6c5 elementor-widget elementor-widget-heading\" data-id=\"6dfbb6c5\" data-element_type=\"widget\" data-widget_type=\"heading.default\">\n\t\t\t\t<div class=\"elementor-widget-container\">\n\t\t\t\t\t<h2 class=\"elementor-heading-title elementor-size-default\">Cobertes Cantara<\/h2>\t\t\t\t<\/div>\n\t\t\t\t<\/div>\n\t\t<div class=\"elementor-element elementor-element-76815cbf e-con-full e-flex e-con e-child\" data-id=\"76815cbf\" data-element_type=\"container\">\n\t\t\t\t<div class=\"elementor-element elementor-element-7d673ebe elementor-widget elementor-widget-heading\" data-id=\"7d673ebe\" data-element_type=\"widget\" data-widget_type=\"heading.default\">\n\t\t\t\t<div class=\"elementor-widget-container\">\n\t\t\t\t\t<h2 class=\"elementor-heading-title elementor-size-default\">Cubiertas industriales, ganaderas y agr\u00edcolas <\/h2>\t\t\t\t<\/div>\n\t\t\t\t<\/div>\n\t\t\t\t<\/div>\n\t\t\t\t\t<\/div>\n\t\t\t\t<\/div>\n\t\t<div class=\"elementor-element elementor-element-daf4b15 e-flex e-con-boxed e-con e-parent\" data-id=\"daf4b15\" data-element_type=\"container\" data-settings=\"{&quot;background_background&quot;:&quot;classic&quot;}\">\n\t\t\t\t\t<div class=\"e-con-inner\">\n\t\t<div class=\"elementor-element elementor-element-c933ee6 e-con-full e-flex e-con e-child\" data-id=\"c933ee6\" data-element_type=\"container\">\n\t\t\t\t<div class=\"elementor-element elementor-element-f3f2c1c elementor-widget elementor-widget-heading\" data-id=\"f3f2c1c\" data-element_type=\"widget\" data-widget_type=\"heading.default\">\n\t\t\t\t<div class=\"elementor-widget-container\">\n\t\t\t\t\t<h6 class=\"elementor-heading-title elementor-size-default\">Cubiertas naves industriales de Panel Sandwich<\/h6>\t\t\t\t<\/div>\n\t\t\t\t<\/div>\n\t\t\t\t<div class=\"elementor-element elementor-element-e2c7b1b elementor-widget elementor-widget-text-editor\" data-id=\"e2c7b1b\" data-element_type=\"widget\" data-widget_type=\"text-editor.default\">\n\t\t\t\t<div class=\"elementor-widget-container\">\n\t\t\t\t\t\t\t\t\t<p>Instalaciones Cubiertas de Panel Sandwich, de chapa prelacada a dos caras color a elegir, con un n\u00facleo de aislamiento de grosor variable seg\u00fan necesidades t\u00e9rmicas o ac\u00fasticas. N\u00facleo formato de aislamiento de lana de roca o de proyectado de Poliisocianurato Bs1d0 Reacci\u00f3n al fuego. <\/p>\t\t\t\t\t\t\t\t<\/div>\n\t\t\t\t<\/div>\n\t\t\t\t<\/div>\n\t\t<div class=\"elementor-element elementor-element-1c84ae1 e-con-full e-flex e-con e-child\" data-id=\"1c84ae1\" data-element_type=\"container\">\n\t\t\t\t<div class=\"elementor-element elementor-element-2387c3b elementor-widget elementor-widget-heading\" data-id=\"2387c3b\" data-element_type=\"widget\" data-widget_type=\"heading.default\">\n\t\t\t\t<div class=\"elementor-widget-container\">\n\t\t\t\t\t<h6 class=\"elementor-heading-title elementor-size-default\">Cubiertas naves industriales Met\u00e1licas Sandwich<\/h6>\t\t\t\t<\/div>\n\t\t\t\t<\/div>\n\t\t\t\t<div class=\"elementor-element elementor-element-d99c75c elementor-widget elementor-widget-text-editor\" data-id=\"d99c75c\" data-element_type=\"widget\" data-widget_type=\"text-editor.default\">\n\t\t\t\t<div class=\"elementor-widget-container\">\n\t\t\t\t\t\t\t\t\t<p>Instalaciones Cubiertas Met\u00e1licas Sandwich insitu, formadas de dos placas met\u00e1licas prelacadas, superior e inferior de espesor variable con separaci\u00f3n de perfil met\u00e1lico y recubrimiento interior de aislamiento con Manta IBR o lana de Roca con espesor variable, seg\u00fan necesidad t\u00e9rmica.<br>Estas Cubiertas met\u00e1licas disponen de diferentes acabados prelacados, seg\u00fan necesidad de contaminaci\u00f3n medioambiental, ya sean ambientes salinos o cloro, u otros.<\/p>\t\t\t\t\t\t\t\t<\/div>\n\t\t\t\t<\/div>\n\t\t\t\t<\/div>\n\t\t<div class=\"elementor-element elementor-element-cf91f26 e-con-full e-flex e-con e-child\" data-id=\"cf91f26\" data-element_type=\"container\">\n\t\t\t\t<div class=\"elementor-element elementor-element-796728d elementor-widget elementor-widget-heading\" data-id=\"796728d\" data-element_type=\"widget\" data-widget_type=\"heading.default\">\n\t\t\t\t<div class=\"elementor-widget-container\">\n\t\t\t\t\t<h6 class=\"elementor-heading-title elementor-size-default\">Cubiertas naves industriales Tipo Deck<\/h6>\t\t\t\t<\/div>\n\t\t\t\t<\/div>\n\t\t\t\t<div class=\"elementor-element elementor-element-7d8a8d9 elementor-widget elementor-widget-text-editor\" data-id=\"7d8a8d9\" data-element_type=\"widget\" data-widget_type=\"text-editor.default\">\n\t\t\t\t<div class=\"elementor-widget-container\">\n\t\t\t\t\t\t\t\t\t<p>Instalaciones Cubiertas Tipo Deck para superficies grandes con pendientes de cubierta a partir del 2%. Formadas de una placa inferior met\u00e1lica prelacada, de esquina variable seg\u00fan distancia de correas, aislamiento interior de lana de Roca alta densidad, espesor variable y Recubrimiento de lamina de TPO. Fijada mec\u00e1nicamente y soldada con caliente, para mantener la estanqueidad total. Cumpliendo siempre con las exigencias de Reacci\u00f3n al fuego. (con certificado de garant\u00eda del producto de 20 a\u00f1os)    <\/p>\t\t\t\t\t\t\t\t<\/div>\n\t\t\t\t<\/div>\n\t\t\t\t<\/div>\n\t\t\t\t<div class=\"elementor-element elementor-element-7b3ed6f animated-fast elementor-view-default elementor-invisible elementor-widget elementor-widget-icon\" data-id=\"7b3ed6f\" data-element_type=\"widget\" data-settings=\"{&quot;_animation&quot;:&quot;fadeIn&quot;,&quot;_animation_tablet&quot;:&quot;none&quot;,&quot;_animation_delay&quot;:0}\" data-widget_type=\"icon.default\">\n\t\t\t\t<div class=\"elementor-widget-container\">\n\t\t\t\t\t\t\t<div class=\"elementor-icon-wrapper\">\n\t\t\t<div class=\"elementor-icon\">\n\t\t\t<svg xmlns=\"http:\/\/www.w3.org\/2000\/svg\" xmlns:xlink=\"http:\/\/www.w3.org\/1999\/xlink\" width=\"647px\" height=\"702px\" viewBox=\"0 0 647 702\"><title>shape<\/title><g id=\"Pages\" stroke=\"none\" stroke-width=\"1\" fill=\"FFFFFF\" fill-rule=\"evenodd\"><g id=\"shape\" transform=\"translate(-1084, -748)\" fill=\"\"><g id=\"Group-51-Copy-4\" transform=\"translate(1084, 748)\"><path d=\"M305.772231,0 L646.48986,0 L360.966688,284.510678 C346.595278,298.831125 327.15278,306.900987 306.864646,306.966432 L0,307.956318 L0,307.956318 L305.772231,0 Z\" id=\"Path-5\"><\/path><path d=\"M305.772231,394.043682 L646.48986,394.043682 L360.966688,678.55436 C346.595278,692.874807 327.15278,700.944668 306.864646,701.010114 L0,702 L0,702 L305.772231,394.043682 Z\" id=\"Path-5-Copy\" transform=\"translate(323.2449, 548.0218) scale(1, -1) translate(-323.2449, -548.0218)\"><\/path><\/g><\/g><\/g><\/svg>\t\t\t<\/div>\n\t\t<\/div>\n\t\t\t\t\t\t<\/div>\n\t\t\t\t<\/div>\n\t\t\t\t\t<\/div>\n\t\t\t\t<\/div>\n\t\t<div class=\"elementor-element elementor-element-8fde41e e-con-full animated-fast e-flex e-con e-parent\" data-id=\"8fde41e\" data-element_type=\"container\" data-settings=\"{&quot;background_background&quot;:&quot;classic&quot;,&quot;animation&quot;:&quot;none&quot;,&quot;animation_tablet&quot;:&quot;none&quot;}\">\n\t\t\t\t<\/div>\n\t\t<div class=\"elementor-element elementor-element-e8f6b62 e-flex e-con-boxed e-con e-parent\" data-id=\"e8f6b62\" data-element_type=\"container\" data-settings=\"{&quot;background_background&quot;:&quot;classic&quot;}\">\n\t\t\t\t\t<div class=\"e-con-inner\">\n\t\t<div class=\"elementor-element elementor-element-a575b93 e-con-full e-flex e-con e-child\" data-id=\"a575b93\" data-element_type=\"container\">\n\t\t\t\t<div class=\"elementor-element elementor-element-95eeebb elementor-widget elementor-widget-heading\" data-id=\"95eeebb\" data-element_type=\"widget\" data-widget_type=\"heading.default\">\n\t\t\t\t<div class=\"elementor-widget-container\">\n\t\t\t\t\t<h6 class=\"elementor-heading-title elementor-size-default\">Cubiertas ganaderas y agr\u00edcolas<\/h6>\t\t\t\t<\/div>\n\t\t\t\t<\/div>\n\t\t\t\t<div class=\"elementor-element elementor-element-039da46 elementor-widget elementor-widget-text-editor\" data-id=\"039da46\" data-element_type=\"widget\" data-widget_type=\"text-editor.default\">\n\t\t\t\t<div class=\"elementor-widget-container\">\n\t\t\t\t\t\t\t\t\tRealizamos cubiertas con Panel Sandwich, aislante, n\u00facleo de Poliuretano TIPO PENTAFARM, fijadas mec\u00e1nicamente con tornillos y anclajes de acero inoxidable. Con este panel conseguimos el aislamiento deseado, ideal para evitar corrosiones causadas por purines. Es resistente a la humedad consiguiendo mantener espacios limpios.  \t\t\t\t\t\t\t\t<\/div>\n\t\t\t\t<\/div>\n\t\t\t\t<\/div>\n\t\t<div class=\"elementor-element elementor-element-3334674 e-con-full e-flex e-con e-child\" data-id=\"3334674\" data-element_type=\"container\">\n\t\t\t\t<div class=\"elementor-element elementor-element-f835079 elementor-widget elementor-widget-heading\" data-id=\"f835079\" data-element_type=\"widget\" data-widget_type=\"heading.default\">\n\t\t\t\t<div class=\"elementor-widget-container\">\n\t\t\t\t\t<h6 class=\"elementor-heading-title elementor-size-default\">Cubiertas de teja y madera<\/h6>\t\t\t\t<\/div>\n\t\t\t\t<\/div>\n\t\t\t\t<div class=\"elementor-element elementor-element-07cc839 elementor-widget elementor-widget-text-editor\" data-id=\"07cc839\" data-element_type=\"widget\" data-widget_type=\"text-editor.default\">\n\t\t\t\t<div class=\"elementor-widget-container\">\n\t\t\t\t\t\t\t\t\t<p>Cubiertas formadas de Panel de Madera, n\u00facleo aislante Polistireno alta densidad con acabado interior visto, de Madera natural, Osb, Herakustik o acabado Cart\u00f3n-yeso. Panel que queda protegido con una placa de Onduline superior, adaptada para la colocaci\u00f3n de Teja Cer\u00e1mica, \u00c1rabe o Mixta. <\/p>\t\t\t\t\t\t\t\t<\/div>\n\t\t\t\t<\/div>\n\t\t\t\t<\/div>\n\t\t<div class=\"elementor-element elementor-element-85a74cf e-con-full e-flex e-con e-child\" data-id=\"85a74cf\" data-element_type=\"container\">\n\t\t\t\t<div class=\"elementor-element elementor-element-be2cc87 elementor-widget elementor-widget-heading\" data-id=\"be2cc87\" data-element_type=\"widget\" data-widget_type=\"heading.default\">\n\t\t\t\t<div class=\"elementor-widget-container\">\n\t\t\t\t\t<h6 class=\"elementor-heading-title elementor-size-default\">Cubiertas policarbonato y claraboyas<\/h6>\t\t\t\t<\/div>\n\t\t\t\t<\/div>\n\t\t\t\t<div class=\"elementor-element elementor-element-41bea8f elementor-widget elementor-widget-text-editor\" data-id=\"41bea8f\" data-element_type=\"widget\" data-widget_type=\"text-editor.default\">\n\t\t\t\t<div class=\"elementor-widget-container\">\n\t\t\t\t\t\t\t\t\t<p>Instalamos todo tipo de claraboyas con Placa de Policarbonato multicapa y claraboyas cumpliendo la eficacia lum\u00ednica con materiales de resistencia al fuego BS1d0. Disponemos de diferentes modelos todos ellos adaptados a todo tipo de Cubierta, ya sea de nueva Construcci\u00f3n o para sustituir a claraboyas antiguos de Cubiertas ya existentes. <\/p>\t\t\t\t\t\t\t\t<\/div>\n\t\t\t\t<\/div>\n\t\t\t\t<\/div>\n\t\t\t\t<div class=\"elementor-element elementor-element-a30728b animated-fast elementor-view-default elementor-invisible elementor-widget elementor-widget-icon\" data-id=\"a30728b\" data-element_type=\"widget\" data-settings=\"{&quot;_animation&quot;:&quot;fadeIn&quot;,&quot;_animation_tablet&quot;:&quot;none&quot;,&quot;_animation_delay&quot;:0}\" data-widget_type=\"icon.default\">\n\t\t\t\t<div class=\"elementor-widget-container\">\n\t\t\t\t\t\t\t<div class=\"elementor-icon-wrapper\">\n\t\t\t<div class=\"elementor-icon\">\n\t\t\t<svg xmlns=\"http:\/\/www.w3.org\/2000\/svg\" xmlns:xlink=\"http:\/\/www.w3.org\/1999\/xlink\" width=\"647px\" height=\"702px\" viewBox=\"0 0 647 702\"><title>shape<\/title><g id=\"Pages\" stroke=\"none\" stroke-width=\"1\" fill=\"FFFFFF\" fill-rule=\"evenodd\"><g id=\"shape\" transform=\"translate(-1084, -748)\" fill=\"\"><g id=\"Group-51-Copy-4\" transform=\"translate(1084, 748)\"><path d=\"M305.772231,0 L646.48986,0 L360.966688,284.510678 C346.595278,298.831125 327.15278,306.900987 306.864646,306.966432 L0,307.956318 L0,307.956318 L305.772231,0 Z\" id=\"Path-5\"><\/path><path d=\"M305.772231,394.043682 L646.48986,394.043682 L360.966688,678.55436 C346.595278,692.874807 327.15278,700.944668 306.864646,701.010114 L0,702 L0,702 L305.772231,394.043682 Z\" id=\"Path-5-Copy\" transform=\"translate(323.2449, 548.0218) scale(1, -1) translate(-323.2449, -548.0218)\"><\/path><\/g><\/g><\/g><\/svg>\t\t\t<\/div>\n\t\t<\/div>\n\t\t\t\t\t\t<\/div>\n\t\t\t\t<\/div>\n\t\t\t\t\t<\/div>\n\t\t\t\t<\/div>\n\t\t<div class=\"elementor-element elementor-element-f790ac1 e-flex e-con-boxed e-con e-child\" data-id=\"f790ac1\" data-element_type=\"container\" data-settings=\"{&quot;background_background&quot;:&quot;classic&quot;}\">\n\t\t\t\t\t<div class=\"e-con-inner\">\n\t\t<div class=\"elementor-element elementor-element-0c34a89 e-con-full e-flex e-con e-child\" data-id=\"0c34a89\" data-element_type=\"container\">\n\t\t\t\t<div class=\"elementor-element elementor-element-33560b9 elementor-widget__width-initial elementor-widget-mobile__width-inherit elementor-widget elementor-widget-heading\" data-id=\"33560b9\" data-element_type=\"widget\" data-widget_type=\"heading.default\">\n\t\t\t\t<div class=\"elementor-widget-container\">\n\t\t\t\t\t<h4 class=\"elementor-heading-title elementor-size-default\">Instalamos todo tipo de cubiertas, tanto industriales como agr\u00edcolas<\/h4>\t\t\t\t<\/div>\n\t\t\t\t<\/div>\n\t\t\t\t<div class=\"elementor-element elementor-element-e532f9b elementor-widget__width-initial elementor-widget-mobile__width-inherit elementor-widget elementor-widget-text-editor\" data-id=\"e532f9b\" data-element_type=\"widget\" data-widget_type=\"text-editor.default\">\n\t\t\t\t<div class=\"elementor-widget-container\">\n\t\t\t\t\t\t\t\t\t<div class=\"elementor-element elementor-element-dc899da elementor-widget__width-initial elementor-widget-mobile__width-inherit elementor-widget elementor-widget-text-editor\" data-id=\"dc899da\" data-element_type=\"widget\" data-widget_type=\"text-editor.default\"><div class=\"elementor-widget-container\"><p>Cu\u00e9ntanos qu\u00e9 necesitas, estaremos encantados de ayudarte.<\/p><\/div><\/div>\t\t\t\t\t\t\t\t<\/div>\n\t\t\t\t<\/div>\n\t\t\t\t<div class=\"elementor-element elementor-element-f3b87a4 elementor-widget elementor-widget-button\" data-id=\"f3b87a4\" data-element_type=\"widget\" data-widget_type=\"button.default\">\n\t\t\t\t<div class=\"elementor-widget-container\">\n\t\t\t\t\t\t\t\t\t<div class=\"elementor-button-wrapper\">\n\t\t\t\t\t<a class=\"elementor-button elementor-button-link elementor-size-sm\" href=\"https:\/\/cobertesindustrials.com\/es\/contacto\/\">\n\t\t\t\t\t\t<span class=\"elementor-button-content-wrapper\">\n\t\t\t\t\t\t<span class=\"elementor-button-icon\">\n\t\t\t\t<i aria-hidden=\"true\" class=\"vamtamtheme- vamtam-theme-arrow-2\"><\/i>\t\t\t<\/span>\n\t\t\t\t\t\t\t\t\t<span class=\"elementor-button-text\">Consulta sin compromiso<\/span>\n\t\t\t\t\t<\/span>\n\t\t\t\t\t<\/a>\n\t\t\t\t<\/div>\n\t\t\t\t\t\t\t\t<\/div>\n\t\t\t\t<\/div>\n\t\t\t\t<\/div>\n\t\t\t\t\t<\/div>\n\t\t\t\t<\/div>\n\t\t\t\t<\/div>\n\t\t","protected":false},"excerpt":{"rendered":"<p>Cubiertas con eficiencia y resistencia<\/p>\n","protected":false},"author":1,"featured_media":988524,"parent":988534,"menu_order":0,"comment_status":"closed","ping_status":"closed","template":"elementor_header_footer","meta":{"_joinchat":[],"footnotes":""},"class_list":["post-988536","page","type-page","status-publish","has-post-thumbnail","hentry"],"yoast_head":"<!-- This site is optimized with the Yoast SEO plugin v26.2 - https:\/\/yoast.com\/wordpress\/plugins\/seo\/ -->\n<title>Instalaci\u00f3n de cubiertas industriales y agr\u00edcolas \u00b7 Cobertes Cantara<\/title>\n<meta name=\"description\" content=\"Instalaci\u00f3n de cubiertas industriales y agr\u00edcolas con panel s\u00e1ndwich, met\u00e1licas o deck en Catalu\u00f1a. Empresa especializada.\" \/>\n<meta name=\"robots\" content=\"index, follow, max-snippet:-1, max-image-preview:large, max-video-preview:-1\" \/>\n<link rel=\"canonical\" href=\"https:\/\/cobertesindustrials.com\/serveis\/cobertes-industrials-cantara\/\" \/>\n<meta property=\"og:locale\" content=\"es_ES\" \/>\n<meta property=\"og:type\" content=\"article\" \/>\n<meta property=\"og:title\" content=\"Instalaci\u00f3n de cubiertas industriales y agr\u00edcolas \u00b7 Cobertes Cantara\" \/>\n<meta property=\"og:description\" content=\"Instalaci\u00f3n de cubiertas industriales y agr\u00edcolas con panel s\u00e1ndwich, met\u00e1licas o deck en Catalu\u00f1a. Empresa especializada.\" \/>\n<meta property=\"og:url\" content=\"https:\/\/cobertesindustrials.com\/serveis\/cobertes-industrials-cantara\/\" \/>\n<meta property=\"og:site_name\" content=\"Cobertes Industrials Cantara \u00b7 Extracci\u00f3 amiant, cobertes industrials i agr\u00edcoles a Catalunya\" \/>\n<meta property=\"article:modified_time\" content=\"2025-10-30T15:38:20+00:00\" \/>\n<meta property=\"og:image\" content=\"https:\/\/cobertesindustrials.com\/wp-content\/uploads\/2025\/06\/coberta_panell_sandwich_h-1024x576.jpg\" \/>\n\t<meta property=\"og:image:width\" content=\"1024\" \/>\n\t<meta property=\"og:image:height\" content=\"576\" \/>\n\t<meta property=\"og:image:type\" content=\"image\/jpeg\" \/>\n<meta name=\"twitter:card\" content=\"summary_large_image\" \/>\n<meta name=\"twitter:label1\" content=\"Tiempo de lectura\" \/>\n\t<meta name=\"twitter:data1\" content=\"2 minutos\" \/>\n<script type=\"application\/ld+json\" class=\"yoast-schema-graph\">{\"@context\":\"https:\/\/schema.org\",\"@graph\":[{\"@type\":\"WebPage\",\"@id\":\"https:\/\/cobertesindustrials.com\/serveis\/cobertes-industrials-cantara\/\",\"url\":\"https:\/\/cobertesindustrials.com\/serveis\/cobertes-industrials-cantara\/\",\"name\":\"Instalaci\u00f3n de cubiertas industriales y agr\u00edcolas \u00b7 Cobertes Cantara\",\"isPartOf\":{\"@id\":\"https:\/\/cobertesindustrials.com\/#website\"},\"primaryImageOfPage\":{\"@id\":\"https:\/\/cobertesindustrials.com\/serveis\/cobertes-industrials-cantara\/#primaryimage\"},\"image\":{\"@id\":\"https:\/\/cobertesindustrials.com\/serveis\/cobertes-industrials-cantara\/#primaryimage\"},\"thumbnailUrl\":\"https:\/\/cobertesindustrials.com\/wp-content\/uploads\/2025\/06\/coberta_panell_sandwich_h.jpg\",\"datePublished\":\"2024-09-05T09:51:06+00:00\",\"dateModified\":\"2025-10-30T15:38:20+00:00\",\"description\":\"Instalaci\u00f3n de cubiertas industriales y agr\u00edcolas con panel s\u00e1ndwich, met\u00e1licas o deck en Catalu\u00f1a. Empresa especializada.\",\"breadcrumb\":{\"@id\":\"https:\/\/cobertesindustrials.com\/serveis\/cobertes-industrials-cantara\/#breadcrumb\"},\"inLanguage\":\"es\",\"potentialAction\":[{\"@type\":\"ReadAction\",\"target\":[\"https:\/\/cobertesindustrials.com\/serveis\/cobertes-industrials-cantara\/\"]}]},{\"@type\":\"ImageObject\",\"inLanguage\":\"es\",\"@id\":\"https:\/\/cobertesindustrials.com\/serveis\/cobertes-industrials-cantara\/#primaryimage\",\"url\":\"https:\/\/cobertesindustrials.com\/wp-content\/uploads\/2025\/06\/coberta_panell_sandwich_h.jpg\",\"contentUrl\":\"https:\/\/cobertesindustrials.com\/wp-content\/uploads\/2025\/06\/coberta_panell_sandwich_h.jpg\",\"width\":2560,\"height\":1440},{\"@type\":\"BreadcrumbList\",\"@id\":\"https:\/\/cobertesindustrials.com\/serveis\/cobertes-industrials-cantara\/#breadcrumb\",\"itemListElement\":[{\"@type\":\"ListItem\",\"position\":1,\"name\":\"Home\",\"item\":\"https:\/\/cobertesindustrials.com\/\"},{\"@type\":\"ListItem\",\"position\":2,\"name\":\"Servicios\",\"item\":\"https:\/\/cobertesindustrials.com\/es\/servicios\/\"},{\"@type\":\"ListItem\",\"position\":3,\"name\":\"Cubiertas Industriales\"}]},{\"@type\":\"WebSite\",\"@id\":\"https:\/\/cobertesindustrials.com\/#website\",\"url\":\"https:\/\/cobertesindustrials.com\/\",\"name\":\"Cobertes Industrials Cantara \u00b7 Extracci\u00f3 amiant, cobertes industrials i agr\u00edcoles a Catalunya\",\"description\":\"Cobertes Industrials Cantara \u00b7 Extracci\u00f3 amiant, cobertes industrials i agr\u00edcoles a Catalunya\",\"potentialAction\":[{\"@type\":\"SearchAction\",\"target\":{\"@type\":\"EntryPoint\",\"urlTemplate\":\"https:\/\/cobertesindustrials.com\/?s={search_term_string}\"},\"query-input\":{\"@type\":\"PropertyValueSpecification\",\"valueRequired\":true,\"valueName\":\"search_term_string\"}}],\"inLanguage\":\"es\"}]}<\/script>\n<!-- \/ Yoast SEO plugin. -->","yoast_head_json":{"title":"Instalaci\u00f3n de cubiertas industriales y agr\u00edcolas \u00b7 Cobertes Cantara","description":"Instalaci\u00f3n de cubiertas industriales y agr\u00edcolas con panel s\u00e1ndwich, met\u00e1licas o deck en Catalu\u00f1a. Empresa especializada.","robots":{"index":"index","follow":"follow","max-snippet":"max-snippet:-1","max-image-preview":"max-image-preview:large","max-video-preview":"max-video-preview:-1"},"canonical":"https:\/\/cobertesindustrials.com\/serveis\/cobertes-industrials-cantara\/","og_locale":"es_ES","og_type":"article","og_title":"Instalaci\u00f3n de cubiertas industriales y agr\u00edcolas \u00b7 Cobertes Cantara","og_description":"Instalaci\u00f3n de cubiertas industriales y agr\u00edcolas con panel s\u00e1ndwich, met\u00e1licas o deck en Catalu\u00f1a. Empresa especializada.","og_url":"https:\/\/cobertesindustrials.com\/serveis\/cobertes-industrials-cantara\/","og_site_name":"Cobertes Industrials Cantara \u00b7 Extracci\u00f3 amiant, cobertes industrials i agr\u00edcoles a Catalunya","article_modified_time":"2025-10-30T15:38:20+00:00","og_image":[{"width":1024,"height":576,"url":"https:\/\/cobertesindustrials.com\/wp-content\/uploads\/2025\/06\/coberta_panell_sandwich_h-1024x576.jpg","type":"image\/jpeg"}],"twitter_card":"summary_large_image","twitter_misc":{"Tiempo de lectura":"2 minutos"},"schema":{"@context":"https:\/\/schema.org","@graph":[{"@type":"WebPage","@id":"https:\/\/cobertesindustrials.com\/serveis\/cobertes-industrials-cantara\/","url":"https:\/\/cobertesindustrials.com\/serveis\/cobertes-industrials-cantara\/","name":"Instalaci\u00f3n de cubiertas industriales y agr\u00edcolas \u00b7 Cobertes Cantara","isPartOf":{"@id":"https:\/\/cobertesindustrials.com\/#website"},"primaryImageOfPage":{"@id":"https:\/\/cobertesindustrials.com\/serveis\/cobertes-industrials-cantara\/#primaryimage"},"image":{"@id":"https:\/\/cobertesindustrials.com\/serveis\/cobertes-industrials-cantara\/#primaryimage"},"thumbnailUrl":"https:\/\/cobertesindustrials.com\/wp-content\/uploads\/2025\/06\/coberta_panell_sandwich_h.jpg","datePublished":"2024-09-05T09:51:06+00:00","dateModified":"2025-10-30T15:38:20+00:00","description":"Instalaci\u00f3n de cubiertas industriales y agr\u00edcolas con panel s\u00e1ndwich, met\u00e1licas o deck en Catalu\u00f1a. Empresa especializada.","breadcrumb":{"@id":"https:\/\/cobertesindustrials.com\/serveis\/cobertes-industrials-cantara\/#breadcrumb"},"inLanguage":"es","potentialAction":[{"@type":"ReadAction","target":["https:\/\/cobertesindustrials.com\/serveis\/cobertes-industrials-cantara\/"]}]},{"@type":"ImageObject","inLanguage":"es","@id":"https:\/\/cobertesindustrials.com\/serveis\/cobertes-industrials-cantara\/#primaryimage","url":"https:\/\/cobertesindustrials.com\/wp-content\/uploads\/2025\/06\/coberta_panell_sandwich_h.jpg","contentUrl":"https:\/\/cobertesindustrials.com\/wp-content\/uploads\/2025\/06\/coberta_panell_sandwich_h.jpg","width":2560,"height":1440},{"@type":"BreadcrumbList","@id":"https:\/\/cobertesindustrials.com\/serveis\/cobertes-industrials-cantara\/#breadcrumb","itemListElement":[{"@type":"ListItem","position":1,"name":"Home","item":"https:\/\/cobertesindustrials.com\/"},{"@type":"ListItem","position":2,"name":"Servicios","item":"https:\/\/cobertesindustrials.com\/es\/servicios\/"},{"@type":"ListItem","position":3,"name":"Cubiertas Industriales"}]},{"@type":"WebSite","@id":"https:\/\/cobertesindustrials.com\/#website","url":"https:\/\/cobertesindustrials.com\/","name":"Cobertes Industrials Cantara \u00b7 Extracci\u00f3 amiant, cobertes industrials i agr\u00edcoles a Catalunya","description":"Cobertes Industrials Cantara \u00b7 Extracci\u00f3 amiant, cobertes industrials i agr\u00edcoles a Catalunya","potentialAction":[{"@type":"SearchAction","target":{"@type":"EntryPoint","urlTemplate":"https:\/\/cobertesindustrials.com\/?s={search_term_string}"},"query-input":{"@type":"PropertyValueSpecification","valueRequired":true,"valueName":"search_term_string"}}],"inLanguage":"es"}]}},"_links":{"self":[{"href":"https:\/\/cobertesindustrials.com\/es\/wp-json\/wp\/v2\/pages\/988536","targetHints":{"allow":["GET"]}}],"collection":[{"href":"https:\/\/cobertesindustrials.com\/es\/wp-json\/wp\/v2\/pages"}],"about":[{"href":"https:\/\/cobertesindustrials.com\/es\/wp-json\/wp\/v2\/types\/page"}],"author":[{"embeddable":true,"href":"https:\/\/cobertesindustrials.com\/es\/wp-json\/wp\/v2\/users\/1"}],"replies":[{"embeddable":true,"href":"https:\/\/cobertesindustrials.com\/es\/wp-json\/wp\/v2\/comments?post=988536"}],"version-history":[{"count":6,"href":"https:\/\/cobertesindustrials.com\/es\/wp-json\/wp\/v2\/pages\/988536\/revisions"}],"predecessor-version":[{"id":988668,"href":"https:\/\/cobertesindustrials.com\/es\/wp-json\/wp\/v2\/pages\/988536\/revisions\/988668"}],"up":[{"embeddable":true,"href":"https:\/\/cobertesindustrials.com\/es\/wp-json\/wp\/v2\/pages\/988534"}],"wp:featuredmedia":[{"embeddable":true,"href":"https:\/\/cobertesindustrials.com\/es\/wp-json\/wp\/v2\/media\/988524"}],"wp:attachment":[{"href":"https:\/\/cobertesindustrials.com\/es\/wp-json\/wp\/v2\/media?parent=988536"}],"curies":[{"name":"wp","href":"https:\/\/api.w.org\/{rel}","templated":true}]}}