{"id":988543,"date":"2024-09-05T11:50:37","date_gmt":"2024-09-05T09:50:37","guid":{"rendered":"https:\/\/cobertesindustrials.com\/servicios\/extraccion-de-amianto\/"},"modified":"2025-10-28T17:37:35","modified_gmt":"2025-10-28T16:37:35","slug":"extraccion-de-amianto","status":"publish","type":"page","link":"https:\/\/cobertesindustrials.com\/es\/servicios\/extraccion-de-amianto\/","title":{"rendered":"Extracci\u00f3n de amianto"},"content":{"rendered":"\t\t<div data-elementor-type=\"wp-page\" data-elementor-id=\"988543\" class=\"elementor elementor-988543 elementor-705\" data-elementor-post-type=\"page\">\n\t\t\t\t<div class=\"elementor-element elementor-element-189c2055 animated-fast e-flex e-con-boxed e-con e-parent\" data-id=\"189c2055\" data-element_type=\"container\" data-settings=\"{&quot;animation&quot;:&quot;none&quot;,&quot;animation_tablet&quot;:&quot;none&quot;}\">\n\t\t\t\t\t<div class=\"e-con-inner\">\n\t\t\t\t<div class=\"elementor-element elementor-element-e3f6c2c elementor-widget elementor-widget-heading\" data-id=\"e3f6c2c\" data-element_type=\"widget\" data-widget_type=\"heading.default\">\n\t\t\t\t<div class=\"elementor-widget-container\">\n\t\t\t\t\t<h2 class=\"elementor-heading-title elementor-size-default\">Cobertes Cantara<\/h2>\t\t\t\t<\/div>\n\t\t\t\t<\/div>\n\t\t<div class=\"elementor-element elementor-element-6aae7548 e-con-full e-flex e-con e-child\" data-id=\"6aae7548\" data-element_type=\"container\">\n\t\t\t\t<div class=\"elementor-element elementor-element-729a8b2f elementor-widget elementor-widget-heading\" data-id=\"729a8b2f\" data-element_type=\"widget\" data-widget_type=\"heading.default\">\n\t\t\t\t<div class=\"elementor-widget-container\">\n\t\t\t\t\t<h2 class=\"elementor-heading-title elementor-size-default\">Servicio integral y homologado de extracci\u00f3n de amianto<\/h2>\t\t\t\t<\/div>\n\t\t\t\t<\/div>\n\t\t\t\t<\/div>\n\t\t\t\t\t<\/div>\n\t\t\t\t<\/div>\n\t\t<div class=\"elementor-element elementor-element-bc11e3b e-flex e-con-boxed e-con e-parent\" data-id=\"bc11e3b\" data-element_type=\"container\" data-settings=\"{&quot;background_background&quot;:&quot;classic&quot;}\">\n\t\t\t\t\t<div class=\"e-con-inner\">\n\t\t<div class=\"elementor-element elementor-element-4862811 e-con-full e-flex e-con e-child\" data-id=\"4862811\" data-element_type=\"container\">\n\t\t\t\t<div class=\"elementor-element elementor-element-f1347c4 elementor-widget elementor-widget-heading\" data-id=\"f1347c4\" data-element_type=\"widget\" data-widget_type=\"heading.default\">\n\t\t\t\t<div class=\"elementor-widget-container\">\n\t\t\t\t\t<h6 class=\"elementor-heading-title elementor-size-default\">Certificaciones y licencias<\/h6>\t\t\t\t<\/div>\n\t\t\t\t<\/div>\n\t\t\t\t<div class=\"elementor-element elementor-element-fa01888 elementor-widget elementor-widget-text-editor\" data-id=\"fa01888\" data-element_type=\"widget\" data-widget_type=\"text-editor.default\">\n\t\t\t\t<div class=\"elementor-widget-container\">\n\t\t\t\t\t\t\t\t\t<p data-start=\"146\" data-end=\"330\"><span style=\"font-weight: 400;\">Disponemos de las licencias para la extracci\u00f3n de amianto en cubiertas y traslado de residuos a vertederos autorizados, que requiere la normativa vigente de la CEE. Disponemos del certificado RERA 04\/AB\/13 <\/span><\/p>\t\t\t\t\t\t\t\t<\/div>\n\t\t\t\t<\/div>\n\t\t\t\t<\/div>\n\t\t<div class=\"elementor-element elementor-element-a675c2c e-con-full e-flex e-con e-child\" data-id=\"a675c2c\" data-element_type=\"container\">\n\t\t\t\t<div class=\"elementor-element elementor-element-1cc79e1 elementor-widget elementor-widget-heading\" data-id=\"1cc79e1\" data-element_type=\"widget\" data-widget_type=\"heading.default\">\n\t\t\t\t<div class=\"elementor-widget-container\">\n\t\t\t\t\t<h6 class=\"elementor-heading-title elementor-size-default\">Equipo t\u00e9cnico especializado<\/h6>\t\t\t\t<\/div>\n\t\t\t\t<\/div>\n\t\t\t\t<div class=\"elementor-element elementor-element-545e99f elementor-widget elementor-widget-text-editor\" data-id=\"545e99f\" data-element_type=\"widget\" data-widget_type=\"text-editor.default\">\n\t\t\t\t<div class=\"elementor-widget-container\">\n\t\t\t\t\t\t\t\t\t<p data-start=\"337\" data-end=\"530\">Disponemos de personal formado, acreditado y con larga experiencia en trabajos con materiales peligrosos. La seguridad y precisi\u00f3n son nuestra prioridad. <\/p>\t\t\t\t\t\t\t\t<\/div>\n\t\t\t\t<\/div>\n\t\t\t\t<\/div>\n\t\t<div class=\"elementor-element elementor-element-d026441 e-con-full e-flex e-con e-child\" data-id=\"d026441\" data-element_type=\"container\">\n\t\t\t\t<div class=\"elementor-element elementor-element-124c9ce elementor-widget elementor-widget-heading\" data-id=\"124c9ce\" data-element_type=\"widget\" data-widget_type=\"heading.default\">\n\t\t\t\t<div class=\"elementor-widget-container\">\n\t\t\t\t\t<h6 class=\"elementor-heading-title elementor-size-default\">Soluciones integrales<\/h6>\t\t\t\t<\/div>\n\t\t\t\t<\/div>\n\t\t\t\t<div class=\"elementor-element elementor-element-d6d052e elementor-widget elementor-widget-text-editor\" data-id=\"d6d052e\" data-element_type=\"widget\" data-widget_type=\"text-editor.default\">\n\t\t\t\t<div class=\"elementor-widget-container\">\n\t\t\t\t\t\t\t\t\t<p data-start=\"537\" data-end=\"712\">Ofrecemos un servicio completo: diagn\u00f3stico, planificaci\u00f3n, extracci\u00f3n, transporte y gesti\u00f3n de residuos, adapt\u00e1ndonos a cada proyecto con rigor y eficiencia.<\/p>\t\t\t\t\t\t\t\t<\/div>\n\t\t\t\t<\/div>\n\t\t\t\t<\/div>\n\t\t\t\t<div class=\"elementor-element elementor-element-05a280c animated-fast elementor-view-default elementor-invisible elementor-widget elementor-widget-icon\" data-id=\"05a280c\" data-element_type=\"widget\" data-settings=\"{&quot;_animation&quot;:&quot;fadeIn&quot;,&quot;_animation_tablet&quot;:&quot;none&quot;,&quot;_animation_delay&quot;:0}\" data-widget_type=\"icon.default\">\n\t\t\t\t<div class=\"elementor-widget-container\">\n\t\t\t\t\t\t\t<div class=\"elementor-icon-wrapper\">\n\t\t\t<div class=\"elementor-icon\">\n\t\t\t<svg xmlns=\"http:\/\/www.w3.org\/2000\/svg\" xmlns:xlink=\"http:\/\/www.w3.org\/1999\/xlink\" width=\"647px\" height=\"702px\" viewBox=\"0 0 647 702\"><title>shape<\/title><g id=\"Pages\" stroke=\"none\" stroke-width=\"1\" fill=\"FFFFFF\" fill-rule=\"evenodd\"><g id=\"shape\" transform=\"translate(-1084, -748)\" fill=\"\"><g id=\"Group-51-Copy-4\" transform=\"translate(1084, 748)\"><path d=\"M305.772231,0 L646.48986,0 L360.966688,284.510678 C346.595278,298.831125 327.15278,306.900987 306.864646,306.966432 L0,307.956318 L0,307.956318 L305.772231,0 Z\" id=\"Path-5\"><\/path><path d=\"M305.772231,394.043682 L646.48986,394.043682 L360.966688,678.55436 C346.595278,692.874807 327.15278,700.944668 306.864646,701.010114 L0,702 L0,702 L305.772231,394.043682 Z\" id=\"Path-5-Copy\" transform=\"translate(323.2449, 548.0218) scale(1, -1) translate(-323.2449, -548.0218)\"><\/path><\/g><\/g><\/g><\/svg>\t\t\t<\/div>\n\t\t<\/div>\n\t\t\t\t\t\t<\/div>\n\t\t\t\t<\/div>\n\t\t\t\t\t<\/div>\n\t\t\t\t<\/div>\n\t\t<div class=\"elementor-element elementor-element-6d8a350 e-con-full animated-fast e-flex e-con e-parent\" data-id=\"6d8a350\" data-element_type=\"container\" data-settings=\"{&quot;background_background&quot;:&quot;classic&quot;,&quot;animation&quot;:&quot;none&quot;,&quot;animation_tablet&quot;:&quot;none&quot;}\">\n\t\t\t\t<\/div>\n\t\t<div class=\"elementor-element elementor-element-dc9246a e-flex e-con-boxed e-con e-parent\" data-id=\"dc9246a\" data-element_type=\"container\">\n\t\t\t\t\t<div class=\"e-con-inner\">\n\t\t<div class=\"elementor-element elementor-element-66822ed e-con-full e-flex e-con e-child\" data-id=\"66822ed\" data-element_type=\"container\">\n\t\t<div class=\"elementor-element elementor-element-d69c8ad e-con-full e-flex e-con e-child\" data-id=\"d69c8ad\" data-element_type=\"container\">\n\t\t\t\t<div class=\"elementor-element elementor-element-904dd84 elementor-invisible elementor-widget elementor-widget-heading\" data-id=\"904dd84\" data-element_type=\"widget\" data-settings=\"{&quot;_animation&quot;:&quot;fadeInUp&quot;,&quot;_animation_tablet&quot;:&quot;none&quot;,&quot;_animation_delay&quot;:400}\" data-widget_type=\"heading.default\">\n\t\t\t\t<div class=\"elementor-widget-container\">\n\t\t\t\t\t<h2 class=\"elementor-heading-title elementor-size-default\">Somos especialistas en retirada de amianto<\/h2>\t\t\t\t<\/div>\n\t\t\t\t<\/div>\n\t\t\t\t<div class=\"elementor-element elementor-element-6c7ee45 elementor-widget__width-initial elementor-widget-mobile__width-inherit elementor-invisible elementor-widget elementor-widget-heading\" data-id=\"6c7ee45\" data-element_type=\"widget\" data-settings=\"{&quot;_animation&quot;:&quot;fadeIn&quot;,&quot;_animation_tablet&quot;:&quot;none&quot;,&quot;_animation_delay&quot;:200}\" data-widget_type=\"heading.default\">\n\t\t\t\t<div class=\"elementor-widget-container\">\n\t\t\t\t\t<h3 class=\"elementor-heading-title elementor-size-default\">Gesti\u00f3n experta, profesional y segura del amianto\n\n<\/h3>\t\t\t\t<\/div>\n\t\t\t\t<\/div>\n\t\t\t\t<div class=\"elementor-element elementor-element-a3d1aab elementor-widget elementor-widget-text-editor\" data-id=\"a3d1aab\" data-element_type=\"widget\" data-widget_type=\"text-editor.default\">\n\t\t\t\t<div class=\"elementor-widget-container\">\n\t\t\t\t\t\t\t\t\t<p data-start=\"165\" data-end=\"513\">Ofrecemos un servicio integral y homologado de extracci\u00f3n de amianto, adaptado a las normativas actuales y enfocado a garantizar la seguridad de las personas y el respeto por el medio ambiente. Disponemos de todas las licencias y autorizaciones necesarias para realizar estos trabajos con la m\u00e1xima responsabilidad, rigor y eficiencia. <\/p><p data-start=\"515\" data-end=\"805\">Gracias a un equipo altamente cualificado y con amplia experiencia en este tipo de intervenciones, realizamos diagn\u00f3sticos precisos, planificamos las actuaciones con detalle y ejecutamos los procesos de extracci\u00f3n y gesti\u00f3n de residuos peligrosos siguiendo estrictos protocolos y equipamiento especializado.<\/p><p data-start=\"807\" data-end=\"1115\">Trabajamos tanto en entornos industriales como en edificios p\u00fablicos o privados, ofreciendo soluciones adaptadas a cada necesidad. <\/p>\t\t\t\t\t\t\t\t<\/div>\n\t\t\t\t<\/div>\n\t\t\t\t<\/div>\n\t\t\t\t<div class=\"elementor-element elementor-element-37f61ad elementor-widget elementor-widget-button\" data-id=\"37f61ad\" data-element_type=\"widget\" data-widget_type=\"button.default\">\n\t\t\t\t<div class=\"elementor-widget-container\">\n\t\t\t\t\t\t\t\t\t<div class=\"elementor-button-wrapper\">\n\t\t\t\t\t<a class=\"elementor-button elementor-button-link elementor-size-sm\" href=\"https:\/\/cobertesindustrials.com\/es\/contacto\/\">\n\t\t\t\t\t\t<span class=\"elementor-button-content-wrapper\">\n\t\t\t\t\t\t<span class=\"elementor-button-icon\">\n\t\t\t\t<i aria-hidden=\"true\" class=\"vamtamtheme- vamtam-theme-arrow-2\"><\/i>\t\t\t<\/span>\n\t\t\t\t\t\t\t\t\t<span class=\"elementor-button-text\">Consulta sin compromiso<\/span>\n\t\t\t\t\t<\/span>\n\t\t\t\t\t<\/a>\n\t\t\t\t<\/div>\n\t\t\t\t\t\t\t\t<\/div>\n\t\t\t\t<\/div>\n\t\t\t\t<\/div>\n\t\t<div class=\"elementor-element elementor-element-f271092 e-con-full e-flex e-con e-child\" data-id=\"f271092\" data-element_type=\"container\" data-settings=\"{&quot;background_background&quot;:&quot;classic&quot;}\">\n\t\t\t\t<\/div>\n\t\t\t\t\t<\/div>\n\t\t\t\t<\/div>\n\t\t<div class=\"elementor-element elementor-element-f0ebcd1 e-flex e-con-boxed e-con e-child\" data-id=\"f0ebcd1\" data-element_type=\"container\" data-settings=\"{&quot;background_background&quot;:&quot;classic&quot;}\">\n\t\t\t\t\t<div class=\"e-con-inner\">\n\t\t<div class=\"elementor-element elementor-element-387a6c8 e-con-full e-flex e-con e-child\" data-id=\"387a6c8\" data-element_type=\"container\">\n\t\t\t\t<div class=\"elementor-element elementor-element-ca25d80 elementor-widget__width-initial elementor-widget-mobile__width-inherit elementor-widget elementor-widget-heading\" data-id=\"ca25d80\" data-element_type=\"widget\" data-widget_type=\"heading.default\">\n\t\t\t\t<div class=\"elementor-widget-container\">\n\t\t\t\t\t<h4 class=\"elementor-heading-title elementor-size-default\">Gesti\u00f3n integral de ayudas y subvenciones<\/h4>\t\t\t\t<\/div>\n\t\t\t\t<\/div>\n\t\t\t\t<div class=\"elementor-element elementor-element-dc899da elementor-widget__width-initial elementor-widget-mobile__width-inherit elementor-widget elementor-widget-text-editor\" data-id=\"dc899da\" data-element_type=\"widget\" data-widget_type=\"text-editor.default\">\n\t\t\t\t<div class=\"elementor-widget-container\">\n\t\t\t\t\t\t\t\t\t<p>Gestionamos todo el proceso para solicitar las ayudas disponibles, para que no tengas que preocuparte de ning\u00fan tr\u00e1mite.<\/p>\t\t\t\t\t\t\t\t<\/div>\n\t\t\t\t<\/div>\n\t\t\t\t<div class=\"elementor-element elementor-element-20dfc1a elementor-widget elementor-widget-button\" data-id=\"20dfc1a\" data-element_type=\"widget\" data-widget_type=\"button.default\">\n\t\t\t\t<div class=\"elementor-widget-container\">\n\t\t\t\t\t\t\t\t\t<div class=\"elementor-button-wrapper\">\n\t\t\t\t\t<a class=\"elementor-button elementor-button-link elementor-size-sm\" href=\"https:\/\/cobertesindustrials.com\/es\/contacto\/\">\n\t\t\t\t\t\t<span class=\"elementor-button-content-wrapper\">\n\t\t\t\t\t\t<span class=\"elementor-button-icon\">\n\t\t\t\t<i aria-hidden=\"true\" class=\"vamtamtheme- vamtam-theme-arrow-2\"><\/i>\t\t\t<\/span>\n\t\t\t\t\t\t\t\t\t<span class=\"elementor-button-text\">Solicita informaci\u00f3n<\/span>\n\t\t\t\t\t<\/span>\n\t\t\t\t\t<\/a>\n\t\t\t\t<\/div>\n\t\t\t\t\t\t\t\t<\/div>\n\t\t\t\t<\/div>\n\t\t\t\t<\/div>\n\t\t\t\t\t<\/div>\n\t\t\t\t<\/div>\n\t\t\t\t<\/div>\n\t\t","protected":false},"excerpt":{"rendered":"<p>Expertos certificados en la retirada de amianto<\/p>\n","protected":false},"author":1,"featured_media":988517,"parent":988534,"menu_order":0,"comment_status":"closed","ping_status":"closed","template":"elementor_header_footer","meta":{"_joinchat":[],"footnotes":""},"class_list":["post-988543","page","type-page","status-publish","has-post-thumbnail","hentry"],"yoast_head":"<!-- This site is optimized with the Yoast SEO plugin v26.2 - https:\/\/yoast.com\/wordpress\/plugins\/seo\/ -->\n<title>Extracci\u00f3n de amianto en Catalu\u00f1a \u00b7 Cobertes Industrials Cantara<\/title>\n<meta name=\"description\" content=\"Soluciones autorizadas en extracci\u00f3n de amianto en Catalu\u00f1a con gesti\u00f3n segura de residuos, licencias oficiales y cumplimiento normativo.\" \/>\n<meta name=\"robots\" content=\"index, follow, max-snippet:-1, max-image-preview:large, max-video-preview:-1\" \/>\n<link rel=\"canonical\" href=\"https:\/\/cobertesindustrials.com\/serveis\/extraccio-amiant\/\" \/>\n<meta property=\"og:locale\" content=\"es_ES\" \/>\n<meta property=\"og:type\" content=\"article\" \/>\n<meta property=\"og:title\" content=\"Extracci\u00f3n de amianto en Catalu\u00f1a \u00b7 Cobertes Industrials Cantara\" \/>\n<meta property=\"og:description\" content=\"Soluciones autorizadas en extracci\u00f3n de amianto en Catalu\u00f1a con gesti\u00f3n segura de residuos, licencias oficiales y cumplimiento normativo.\" \/>\n<meta property=\"og:url\" content=\"https:\/\/cobertesindustrials.com\/serveis\/extraccio-amiant\/\" \/>\n<meta property=\"og:site_name\" content=\"Cobertes Industrials Cantara \u00b7 Extracci\u00f3 amiant, cobertes industrials i agr\u00edcoles a Catalunya\" \/>\n<meta property=\"article:modified_time\" content=\"2025-10-28T16:37:35+00:00\" \/>\n<meta property=\"og:image\" content=\"https:\/\/cobertesindustrials.com\/wp-content\/uploads\/2025\/06\/extraccio_amiant_manresa_5_h-1024x576.jpg\" \/>\n\t<meta property=\"og:image:width\" content=\"1024\" \/>\n\t<meta property=\"og:image:height\" content=\"576\" \/>\n\t<meta property=\"og:image:type\" content=\"image\/jpeg\" \/>\n<meta name=\"twitter:card\" content=\"summary_large_image\" \/>\n<meta name=\"twitter:label1\" content=\"Tiempo de lectura\" \/>\n\t<meta name=\"twitter:data1\" content=\"2 minutos\" \/>\n<script type=\"application\/ld+json\" class=\"yoast-schema-graph\">{\"@context\":\"https:\/\/schema.org\",\"@graph\":[{\"@type\":\"WebPage\",\"@id\":\"https:\/\/cobertesindustrials.com\/serveis\/extraccio-amiant\/\",\"url\":\"https:\/\/cobertesindustrials.com\/serveis\/extraccio-amiant\/\",\"name\":\"Extracci\u00f3n de amianto en Catalu\u00f1a \u00b7 Cobertes Industrials Cantara\",\"isPartOf\":{\"@id\":\"https:\/\/cobertesindustrials.com\/#website\"},\"primaryImageOfPage\":{\"@id\":\"https:\/\/cobertesindustrials.com\/serveis\/extraccio-amiant\/#primaryimage\"},\"image\":{\"@id\":\"https:\/\/cobertesindustrials.com\/serveis\/extraccio-amiant\/#primaryimage\"},\"thumbnailUrl\":\"https:\/\/cobertesindustrials.com\/wp-content\/uploads\/2025\/06\/extraccio_amiant_manresa_5_h.jpg\",\"datePublished\":\"2024-09-05T09:50:37+00:00\",\"dateModified\":\"2025-10-28T16:37:35+00:00\",\"description\":\"Soluciones autorizadas en extracci\u00f3n de amianto en Catalu\u00f1a con gesti\u00f3n segura de residuos, licencias oficiales y cumplimiento normativo.\",\"breadcrumb\":{\"@id\":\"https:\/\/cobertesindustrials.com\/serveis\/extraccio-amiant\/#breadcrumb\"},\"inLanguage\":\"es\",\"potentialAction\":[{\"@type\":\"ReadAction\",\"target\":[\"https:\/\/cobertesindustrials.com\/serveis\/extraccio-amiant\/\"]}]},{\"@type\":\"ImageObject\",\"inLanguage\":\"es\",\"@id\":\"https:\/\/cobertesindustrials.com\/serveis\/extraccio-amiant\/#primaryimage\",\"url\":\"https:\/\/cobertesindustrials.com\/wp-content\/uploads\/2025\/06\/extraccio_amiant_manresa_5_h.jpg\",\"contentUrl\":\"https:\/\/cobertesindustrials.com\/wp-content\/uploads\/2025\/06\/extraccio_amiant_manresa_5_h.jpg\",\"width\":2560,\"height\":1440},{\"@type\":\"BreadcrumbList\",\"@id\":\"https:\/\/cobertesindustrials.com\/serveis\/extraccio-amiant\/#breadcrumb\",\"itemListElement\":[{\"@type\":\"ListItem\",\"position\":1,\"name\":\"Home\",\"item\":\"https:\/\/cobertesindustrials.com\/\"},{\"@type\":\"ListItem\",\"position\":2,\"name\":\"Servicios\",\"item\":\"https:\/\/cobertesindustrials.com\/es\/servicios\/\"},{\"@type\":\"ListItem\",\"position\":3,\"name\":\"Extracci\u00f3n de amianto\"}]},{\"@type\":\"WebSite\",\"@id\":\"https:\/\/cobertesindustrials.com\/#website\",\"url\":\"https:\/\/cobertesindustrials.com\/\",\"name\":\"Cobertes Industrials Cantara \u00b7 Extracci\u00f3 amiant, cobertes industrials i agr\u00edcoles a Catalunya\",\"description\":\"Cobertes Industrials Cantara \u00b7 Extracci\u00f3 amiant, cobertes industrials i agr\u00edcoles a Catalunya\",\"potentialAction\":[{\"@type\":\"SearchAction\",\"target\":{\"@type\":\"EntryPoint\",\"urlTemplate\":\"https:\/\/cobertesindustrials.com\/?s={search_term_string}\"},\"query-input\":{\"@type\":\"PropertyValueSpecification\",\"valueRequired\":true,\"valueName\":\"search_term_string\"}}],\"inLanguage\":\"es\"}]}<\/script>\n<!-- \/ Yoast SEO plugin. -->","yoast_head_json":{"title":"Extracci\u00f3n de amianto en Catalu\u00f1a \u00b7 Cobertes Industrials Cantara","description":"Soluciones autorizadas en extracci\u00f3n de amianto en Catalu\u00f1a con gesti\u00f3n segura de residuos, licencias oficiales y cumplimiento normativo.","robots":{"index":"index","follow":"follow","max-snippet":"max-snippet:-1","max-image-preview":"max-image-preview:large","max-video-preview":"max-video-preview:-1"},"canonical":"https:\/\/cobertesindustrials.com\/serveis\/extraccio-amiant\/","og_locale":"es_ES","og_type":"article","og_title":"Extracci\u00f3n de amianto en Catalu\u00f1a \u00b7 Cobertes Industrials Cantara","og_description":"Soluciones autorizadas en extracci\u00f3n de amianto en Catalu\u00f1a con gesti\u00f3n segura de residuos, licencias oficiales y cumplimiento normativo.","og_url":"https:\/\/cobertesindustrials.com\/serveis\/extraccio-amiant\/","og_site_name":"Cobertes Industrials Cantara \u00b7 Extracci\u00f3 amiant, cobertes industrials i agr\u00edcoles a Catalunya","article_modified_time":"2025-10-28T16:37:35+00:00","og_image":[{"width":1024,"height":576,"url":"https:\/\/cobertesindustrials.com\/wp-content\/uploads\/2025\/06\/extraccio_amiant_manresa_5_h-1024x576.jpg","type":"image\/jpeg"}],"twitter_card":"summary_large_image","twitter_misc":{"Tiempo de lectura":"2 minutos"},"schema":{"@context":"https:\/\/schema.org","@graph":[{"@type":"WebPage","@id":"https:\/\/cobertesindustrials.com\/serveis\/extraccio-amiant\/","url":"https:\/\/cobertesindustrials.com\/serveis\/extraccio-amiant\/","name":"Extracci\u00f3n de amianto en Catalu\u00f1a \u00b7 Cobertes Industrials Cantara","isPartOf":{"@id":"https:\/\/cobertesindustrials.com\/#website"},"primaryImageOfPage":{"@id":"https:\/\/cobertesindustrials.com\/serveis\/extraccio-amiant\/#primaryimage"},"image":{"@id":"https:\/\/cobertesindustrials.com\/serveis\/extraccio-amiant\/#primaryimage"},"thumbnailUrl":"https:\/\/cobertesindustrials.com\/wp-content\/uploads\/2025\/06\/extraccio_amiant_manresa_5_h.jpg","datePublished":"2024-09-05T09:50:37+00:00","dateModified":"2025-10-28T16:37:35+00:00","description":"Soluciones autorizadas en extracci\u00f3n de amianto en Catalu\u00f1a con gesti\u00f3n segura de residuos, licencias oficiales y cumplimiento normativo.","breadcrumb":{"@id":"https:\/\/cobertesindustrials.com\/serveis\/extraccio-amiant\/#breadcrumb"},"inLanguage":"es","potentialAction":[{"@type":"ReadAction","target":["https:\/\/cobertesindustrials.com\/serveis\/extraccio-amiant\/"]}]},{"@type":"ImageObject","inLanguage":"es","@id":"https:\/\/cobertesindustrials.com\/serveis\/extraccio-amiant\/#primaryimage","url":"https:\/\/cobertesindustrials.com\/wp-content\/uploads\/2025\/06\/extraccio_amiant_manresa_5_h.jpg","contentUrl":"https:\/\/cobertesindustrials.com\/wp-content\/uploads\/2025\/06\/extraccio_amiant_manresa_5_h.jpg","width":2560,"height":1440},{"@type":"BreadcrumbList","@id":"https:\/\/cobertesindustrials.com\/serveis\/extraccio-amiant\/#breadcrumb","itemListElement":[{"@type":"ListItem","position":1,"name":"Home","item":"https:\/\/cobertesindustrials.com\/"},{"@type":"ListItem","position":2,"name":"Servicios","item":"https:\/\/cobertesindustrials.com\/es\/servicios\/"},{"@type":"ListItem","position":3,"name":"Extracci\u00f3n de amianto"}]},{"@type":"WebSite","@id":"https:\/\/cobertesindustrials.com\/#website","url":"https:\/\/cobertesindustrials.com\/","name":"Cobertes Industrials Cantara \u00b7 Extracci\u00f3 amiant, cobertes industrials i agr\u00edcoles a Catalunya","description":"Cobertes Industrials Cantara \u00b7 Extracci\u00f3 amiant, cobertes industrials i agr\u00edcoles a Catalunya","potentialAction":[{"@type":"SearchAction","target":{"@type":"EntryPoint","urlTemplate":"https:\/\/cobertesindustrials.com\/?s={search_term_string}"},"query-input":{"@type":"PropertyValueSpecification","valueRequired":true,"valueName":"search_term_string"}}],"inLanguage":"es"}]}},"_links":{"self":[{"href":"https:\/\/cobertesindustrials.com\/es\/wp-json\/wp\/v2\/pages\/988543","targetHints":{"allow":["GET"]}}],"collection":[{"href":"https:\/\/cobertesindustrials.com\/es\/wp-json\/wp\/v2\/pages"}],"about":[{"href":"https:\/\/cobertesindustrials.com\/es\/wp-json\/wp\/v2\/types\/page"}],"author":[{"embeddable":true,"href":"https:\/\/cobertesindustrials.com\/es\/wp-json\/wp\/v2\/users\/1"}],"replies":[{"embeddable":true,"href":"https:\/\/cobertesindustrials.com\/es\/wp-json\/wp\/v2\/comments?post=988543"}],"version-history":[{"count":4,"href":"https:\/\/cobertesindustrials.com\/es\/wp-json\/wp\/v2\/pages\/988543\/revisions"}],"predecessor-version":[{"id":988549,"href":"https:\/\/cobertesindustrials.com\/es\/wp-json\/wp\/v2\/pages\/988543\/revisions\/988549"}],"up":[{"embeddable":true,"href":"https:\/\/cobertesindustrials.com\/es\/wp-json\/wp\/v2\/pages\/988534"}],"wp:featuredmedia":[{"embeddable":true,"href":"https:\/\/cobertesindustrials.com\/es\/wp-json\/wp\/v2\/media\/988517"}],"wp:attachment":[{"href":"https:\/\/cobertesindustrials.com\/es\/wp-json\/wp\/v2\/media?parent=988543"}],"curies":[{"name":"wp","href":"https:\/\/api.w.org\/{rel}","templated":true}]}}