{"id":988563,"date":"2024-09-19T12:56:44","date_gmt":"2024-09-19T10:56:44","guid":{"rendered":"https:\/\/cobertesindustrials.com\/servicios\/lineas-de-vida-homologadas\/"},"modified":"2025-10-28T17:43:52","modified_gmt":"2025-10-28T16:43:52","slug":"lineas-de-vida-homologadas","status":"publish","type":"page","link":"https:\/\/cobertesindustrials.com\/es\/servicios\/lineas-de-vida-homologadas\/","title":{"rendered":"L\u00edneas de vida homologadas"},"content":{"rendered":"\t\t<div data-elementor-type=\"wp-page\" data-elementor-id=\"988563\" class=\"elementor elementor-988563 elementor-3583\" data-elementor-post-type=\"page\">\n\t\t\t\t<div class=\"elementor-element elementor-element-292860e5 animated-fast e-flex e-con-boxed e-con e-parent\" data-id=\"292860e5\" data-element_type=\"container\" data-settings=\"{&quot;animation&quot;:&quot;none&quot;,&quot;animation_tablet&quot;:&quot;none&quot;}\">\n\t\t\t\t\t<div class=\"e-con-inner\">\n\t\t\t\t<div class=\"elementor-element elementor-element-5367d8e5 elementor-widget elementor-widget-heading\" data-id=\"5367d8e5\" data-element_type=\"widget\" data-widget_type=\"heading.default\">\n\t\t\t\t<div class=\"elementor-widget-container\">\n\t\t\t\t\t<h2 class=\"elementor-heading-title elementor-size-default\">Cobertes Cantara<\/h2>\t\t\t\t<\/div>\n\t\t\t\t<\/div>\n\t\t<div class=\"elementor-element elementor-element-718feb76 e-con-full e-flex e-con e-child\" data-id=\"718feb76\" data-element_type=\"container\">\n\t\t\t\t<div class=\"elementor-element elementor-element-6ca53f17 elementor-widget elementor-widget-heading\" data-id=\"6ca53f17\" data-element_type=\"widget\" data-widget_type=\"heading.default\">\n\t\t\t\t<div class=\"elementor-widget-container\">\n\t\t\t\t\t<h2 class=\"elementor-heading-title elementor-size-default\">L\u00edneas de vida homologadas para garantizar una seguridad certificada en trabajos en altura<\/h2>\t\t\t\t<\/div>\n\t\t\t\t<\/div>\n\t\t\t\t<\/div>\n\t\t\t\t\t<\/div>\n\t\t\t\t<\/div>\n\t\t<div class=\"elementor-element elementor-element-2a9198a6 e-flex e-con-boxed e-con e-parent\" data-id=\"2a9198a6\" data-element_type=\"container\" data-settings=\"{&quot;background_background&quot;:&quot;classic&quot;}\">\n\t\t\t\t\t<div class=\"e-con-inner\">\n\t\t<div class=\"elementor-element elementor-element-13874895 e-con-full e-flex e-con e-child\" data-id=\"13874895\" data-element_type=\"container\">\n\t\t\t\t<div class=\"elementor-element elementor-element-2104aff elementor-widget elementor-widget-heading\" data-id=\"2104aff\" data-element_type=\"widget\" data-widget_type=\"heading.default\">\n\t\t\t\t<div class=\"elementor-widget-container\">\n\t\t\t\t\t<h6 class=\"elementor-heading-title elementor-size-default\">Protecci\u00f3n garantizada<\/h6>\t\t\t\t<\/div>\n\t\t\t\t<\/div>\n\t\t\t\t<div class=\"elementor-element elementor-element-145bb5d0 elementor-widget elementor-widget-text-editor\" data-id=\"145bb5d0\" data-element_type=\"widget\" data-widget_type=\"text-editor.default\">\n\t\t\t\t<div class=\"elementor-widget-container\">\n\t\t\t\t\t\t\t\t\t<p data-start=\"1172\" data-end=\"1292\">Instalamos l\u00edneas de vida certificadas que cumplen con los m\u00e1s altos est\u00e1ndares de seguridad.<\/p>\t\t\t\t\t\t\t\t<\/div>\n\t\t\t\t<\/div>\n\t\t\t\t<\/div>\n\t\t<div class=\"elementor-element elementor-element-297096e4 e-con-full e-flex e-con e-child\" data-id=\"297096e4\" data-element_type=\"container\">\n\t\t\t\t<div class=\"elementor-element elementor-element-194aa176 elementor-widget elementor-widget-heading\" data-id=\"194aa176\" data-element_type=\"widget\" data-widget_type=\"heading.default\">\n\t\t\t\t<div class=\"elementor-widget-container\">\n\t\t\t\t\t<h6 class=\"elementor-heading-title elementor-size-default\">Adaptaci\u00f3n a cada proyecto<\/h6>\t\t\t\t<\/div>\n\t\t\t\t<\/div>\n\t\t\t\t<div class=\"elementor-element elementor-element-52b4cc43 elementor-widget elementor-widget-text-editor\" data-id=\"52b4cc43\" data-element_type=\"widget\" data-widget_type=\"text-editor.default\">\n\t\t\t\t<div class=\"elementor-widget-container\">\n\t\t\t\t\t\t\t\t\t<p data-start=\"1294\" data-end=\"1434\">Dise\u00f1amos y colocamos sistemas seg\u00fan la tipolog\u00eda de cubierta y las necesidades espec\u00edficas del cliente.<\/p>\t\t\t\t\t\t\t\t<\/div>\n\t\t\t\t<\/div>\n\t\t\t\t<\/div>\n\t\t<div class=\"elementor-element elementor-element-3fbe07b4 e-con-full e-flex e-con e-child\" data-id=\"3fbe07b4\" data-element_type=\"container\">\n\t\t\t\t<div class=\"elementor-element elementor-element-46f4d24 elementor-widget elementor-widget-heading\" data-id=\"46f4d24\" data-element_type=\"widget\" data-widget_type=\"heading.default\">\n\t\t\t\t<div class=\"elementor-widget-container\">\n\t\t\t\t\t<h6 class=\"elementor-heading-title elementor-size-default\">Cumplimiento normativo<\/h6>\t\t\t\t<\/div>\n\t\t\t\t<\/div>\n\t\t\t\t<div class=\"elementor-element elementor-element-72044297 elementor-widget elementor-widget-text-editor\" data-id=\"72044297\" data-element_type=\"widget\" data-widget_type=\"text-editor.default\">\n\t\t\t\t<div class=\"elementor-widget-container\">\n\t\t\t\t\t\t\t\t\t<p data-start=\"1436\" data-end=\"1560\">Nuestros sistemas cumplen con la normativa legal, evitando sanciones y riesgos innecesarios.<\/p>\t\t\t\t\t\t\t\t<\/div>\n\t\t\t\t<\/div>\n\t\t\t\t<\/div>\n\t\t\t\t<div class=\"elementor-element elementor-element-624ad8f8 animated-fast elementor-view-default elementor-invisible elementor-widget elementor-widget-icon\" data-id=\"624ad8f8\" data-element_type=\"widget\" data-settings=\"{&quot;_animation&quot;:&quot;fadeIn&quot;,&quot;_animation_tablet&quot;:&quot;none&quot;,&quot;_animation_delay&quot;:0}\" data-widget_type=\"icon.default\">\n\t\t\t\t<div class=\"elementor-widget-container\">\n\t\t\t\t\t\t\t<div class=\"elementor-icon-wrapper\">\n\t\t\t<div class=\"elementor-icon\">\n\t\t\t<svg xmlns=\"http:\/\/www.w3.org\/2000\/svg\" xmlns:xlink=\"http:\/\/www.w3.org\/1999\/xlink\" width=\"647px\" height=\"702px\" viewBox=\"0 0 647 702\"><title>shape<\/title><g id=\"Pages\" stroke=\"none\" stroke-width=\"1\" fill=\"FFFFFF\" fill-rule=\"evenodd\"><g id=\"shape\" transform=\"translate(-1084, -748)\" fill=\"\"><g id=\"Group-51-Copy-4\" transform=\"translate(1084, 748)\"><path d=\"M305.772231,0 L646.48986,0 L360.966688,284.510678 C346.595278,298.831125 327.15278,306.900987 306.864646,306.966432 L0,307.956318 L0,307.956318 L305.772231,0 Z\" id=\"Path-5\"><\/path><path d=\"M305.772231,394.043682 L646.48986,394.043682 L360.966688,678.55436 C346.595278,692.874807 327.15278,700.944668 306.864646,701.010114 L0,702 L0,702 L305.772231,394.043682 Z\" id=\"Path-5-Copy\" transform=\"translate(323.2449, 548.0218) scale(1, -1) translate(-323.2449, -548.0218)\"><\/path><\/g><\/g><\/g><\/svg>\t\t\t<\/div>\n\t\t<\/div>\n\t\t\t\t\t\t<\/div>\n\t\t\t\t<\/div>\n\t\t\t\t\t<\/div>\n\t\t\t\t<\/div>\n\t\t<div class=\"elementor-element elementor-element-30dbf7fe e-con-full animated-fast e-flex e-con e-parent\" data-id=\"30dbf7fe\" data-element_type=\"container\" data-settings=\"{&quot;background_background&quot;:&quot;classic&quot;,&quot;animation&quot;:&quot;none&quot;,&quot;animation_tablet&quot;:&quot;none&quot;}\">\n\t\t\t\t<\/div>\n\t\t<div class=\"elementor-element elementor-element-6210139 e-flex e-con-boxed e-con e-parent\" data-id=\"6210139\" data-element_type=\"container\">\n\t\t\t\t\t<div class=\"e-con-inner\">\n\t\t<div class=\"elementor-element elementor-element-42a7cd8e e-con-full e-flex e-con e-child\" data-id=\"42a7cd8e\" data-element_type=\"container\">\n\t\t<div class=\"elementor-element elementor-element-3f699ee9 e-con-full e-flex e-con e-child\" data-id=\"3f699ee9\" data-element_type=\"container\">\n\t\t\t\t<div class=\"elementor-element elementor-element-2fcce29d elementor-invisible elementor-widget elementor-widget-heading\" data-id=\"2fcce29d\" data-element_type=\"widget\" data-settings=\"{&quot;_animation&quot;:&quot;fadeInUp&quot;,&quot;_animation_tablet&quot;:&quot;none&quot;,&quot;_animation_delay&quot;:400}\" data-widget_type=\"heading.default\">\n\t\t\t\t<div class=\"elementor-widget-container\">\n\t\t\t\t\t<h2 class=\"elementor-heading-title elementor-size-default\">Seguridad en altura<\/h2>\t\t\t\t<\/div>\n\t\t\t\t<\/div>\n\t\t\t\t<div class=\"elementor-element elementor-element-1eed8424 elementor-widget__width-initial elementor-widget-mobile__width-inherit elementor-invisible elementor-widget elementor-widget-heading\" data-id=\"1eed8424\" data-element_type=\"widget\" data-settings=\"{&quot;_animation&quot;:&quot;fadeIn&quot;,&quot;_animation_tablet&quot;:&quot;none&quot;,&quot;_animation_delay&quot;:200}\" data-widget_type=\"heading.default\">\n\t\t\t\t<div class=\"elementor-widget-container\">\n\t\t\t\t\t<h3 class=\"elementor-heading-title elementor-size-default\">Sistemas de protecci\u00f3n homologados para trabajar en cubiertas con todas las garant\u00edas<\/h3>\t\t\t\t<\/div>\n\t\t\t\t<\/div>\n\t\t\t\t<div class=\"elementor-element elementor-element-7fc76090 elementor-widget elementor-widget-text-editor\" data-id=\"7fc76090\" data-element_type=\"widget\" data-widget_type=\"text-editor.default\">\n\t\t\t\t<div class=\"elementor-widget-container\">\n\t\t\t\t\t\t\t\t\t<p data-start=\"315\" data-end=\"660\">Las l\u00edneas de vida son elementos imprescindibles para garantizar la seguridad de profesionales que trabajan en cubiertas industriales. En Cubiertas Industriales instalamos sistemas de l\u00edneas de vida completamente homologados y adaptados a cada estructura, siguiendo la normativa vigente y asegurando una protecci\u00f3n efectiva en situaciones de riesgo. <\/p><p data-start=\"662\" data-end=\"1129\">Estas soluciones permiten realizar trabajos en altura con total seguridad, evitando accidentes y mejorando las condiciones laborales. Adem\u00e1s ofrecemos mantenimientos peri\u00f3dicos y revisiones t\u00e9cnicas para asegurar que el sistema se mantiene siempre en perfecto estado. Contar con una l\u00ednea de vida adecuada no es s\u00f3lo una cuesti\u00f3n de prevenci\u00f3n, sino tambi\u00e9n una obligaci\u00f3n legal para muchas empresas. Nosotros nos encargamos de todo, desde la planificaci\u00f3n hasta la instalaci\u00f3n.   <\/p>\t\t\t\t\t\t\t\t<\/div>\n\t\t\t\t<\/div>\n\t\t\t\t<\/div>\n\t\t\t\t<div class=\"elementor-element elementor-element-3fd33466 elementor-widget elementor-widget-button\" data-id=\"3fd33466\" data-element_type=\"widget\" data-widget_type=\"button.default\">\n\t\t\t\t<div class=\"elementor-widget-container\">\n\t\t\t\t\t\t\t\t\t<div class=\"elementor-button-wrapper\">\n\t\t\t\t\t<a class=\"elementor-button elementor-button-link elementor-size-sm\" href=\"https:\/\/cobertesindustrials.com\/es\/contacto\/\">\n\t\t\t\t\t\t<span class=\"elementor-button-content-wrapper\">\n\t\t\t\t\t\t<span class=\"elementor-button-icon\">\n\t\t\t\t<i aria-hidden=\"true\" class=\"vamtamtheme- vamtam-theme-arrow-2\"><\/i>\t\t\t<\/span>\n\t\t\t\t\t\t\t\t\t<span class=\"elementor-button-text\">Consulta sin compromiso<\/span>\n\t\t\t\t\t<\/span>\n\t\t\t\t\t<\/a>\n\t\t\t\t<\/div>\n\t\t\t\t\t\t\t\t<\/div>\n\t\t\t\t<\/div>\n\t\t\t\t<\/div>\n\t\t<div class=\"elementor-element elementor-element-2dd18dac e-con-full e-flex e-con e-child\" data-id=\"2dd18dac\" data-element_type=\"container\" data-settings=\"{&quot;background_background&quot;:&quot;classic&quot;}\">\n\t\t\t\t<\/div>\n\t\t\t\t\t<\/div>\n\t\t\t\t<\/div>\n\t\t<div class=\"elementor-element elementor-element-653db3ae e-flex e-con-boxed e-con e-child\" data-id=\"653db3ae\" data-element_type=\"container\" data-settings=\"{&quot;background_background&quot;:&quot;classic&quot;}\">\n\t\t\t\t\t<div class=\"e-con-inner\">\n\t\t<div class=\"elementor-element elementor-element-3b486338 e-con-full e-flex e-con e-child\" data-id=\"3b486338\" data-element_type=\"container\">\n\t\t\t\t<div class=\"elementor-element elementor-element-1aba90db elementor-widget__width-initial elementor-widget-mobile__width-inherit elementor-widget elementor-widget-heading\" data-id=\"1aba90db\" data-element_type=\"widget\" data-widget_type=\"heading.default\">\n\t\t\t\t<div class=\"elementor-widget-container\">\n\t\t\t\t\t<h4 class=\"elementor-heading-title elementor-size-default\">Asegura la seguridad de tu equipo<\/h4>\t\t\t\t<\/div>\n\t\t\t\t<\/div>\n\t\t\t\t<div class=\"elementor-element elementor-element-12a394a2 elementor-widget__width-initial elementor-widget-mobile__width-inherit elementor-widget elementor-widget-text-editor\" data-id=\"12a394a2\" data-element_type=\"widget\" data-widget_type=\"text-editor.default\">\n\t\t\t\t<div class=\"elementor-widget-container\">\n\t\t\t\t\t\t\t\t\t<div class=\"elementor-element elementor-element-dc899da elementor-widget__width-initial elementor-widget-mobile__width-inherit elementor-widget elementor-widget-text-editor\" data-id=\"dc899da\" data-element_type=\"widget\" data-widget_type=\"text-editor.default\"><div class=\"elementor-widget-container\"><p>Cu\u00e9ntanos qu\u00e9 necesitas, estaremos encantados de ayudarte.<\/p><\/div><\/div>\t\t\t\t\t\t\t\t<\/div>\n\t\t\t\t<\/div>\n\t\t\t\t<div class=\"elementor-element elementor-element-3e124e82 elementor-widget elementor-widget-button\" data-id=\"3e124e82\" data-element_type=\"widget\" data-widget_type=\"button.default\">\n\t\t\t\t<div class=\"elementor-widget-container\">\n\t\t\t\t\t\t\t\t\t<div class=\"elementor-button-wrapper\">\n\t\t\t\t\t<a class=\"elementor-button elementor-button-link elementor-size-sm\" href=\"https:\/\/cobertesindustrials.com\/es\/contacto\/\">\n\t\t\t\t\t\t<span class=\"elementor-button-content-wrapper\">\n\t\t\t\t\t\t<span class=\"elementor-button-icon\">\n\t\t\t\t<i aria-hidden=\"true\" class=\"vamtamtheme- vamtam-theme-arrow-2\"><\/i>\t\t\t<\/span>\n\t\t\t\t\t\t\t\t\t<span class=\"elementor-button-text\">Solicita informaci\u00f3n<\/span>\n\t\t\t\t\t<\/span>\n\t\t\t\t\t<\/a>\n\t\t\t\t<\/div>\n\t\t\t\t\t\t\t\t<\/div>\n\t\t\t\t<\/div>\n\t\t\t\t<\/div>\n\t\t\t\t\t<\/div>\n\t\t\t\t<\/div>\n\t\t\t\t<\/div>\n\t\t","protected":false},"excerpt":{"rendered":"<p>Seguridad certificada en altura<\/p>\n","protected":false},"author":1,"featured_media":988560,"parent":988534,"menu_order":0,"comment_status":"closed","ping_status":"closed","template":"elementor_header_footer","meta":{"_joinchat":[],"footnotes":""},"class_list":["post-988563","page","type-page","status-publish","has-post-thumbnail","hentry"],"yoast_head":"<!-- This site is optimized with the Yoast SEO plugin v26.2 - https:\/\/yoast.com\/wordpress\/plugins\/seo\/ -->\n<title>Instalamos l\u00edneas de vida certificadas Catalu\u00f1a \u00b7 Cobertes Cantara<\/title>\n<meta name=\"description\" content=\"Instalamos l\u00edneas de vida certificadas en Catalu\u00f1a que cumplen los m\u00e1s altos est\u00e1ndares de seguridad \u00b7 Cobertes Industrials Cantara.\" \/>\n<meta name=\"robots\" content=\"index, follow, max-snippet:-1, max-image-preview:large, max-video-preview:-1\" \/>\n<link rel=\"canonical\" href=\"https:\/\/cobertesindustrials.com\/serveis\/linies-de-vida-homologades\/\" \/>\n<meta property=\"og:locale\" content=\"es_ES\" \/>\n<meta property=\"og:type\" content=\"article\" \/>\n<meta property=\"og:title\" content=\"Instalamos l\u00edneas de vida certificadas Catalu\u00f1a \u00b7 Cobertes Cantara\" \/>\n<meta property=\"og:description\" content=\"Instalamos l\u00edneas de vida certificadas en Catalu\u00f1a que cumplen los m\u00e1s altos est\u00e1ndares de seguridad \u00b7 Cobertes Industrials Cantara.\" \/>\n<meta property=\"og:url\" content=\"https:\/\/cobertesindustrials.com\/serveis\/linies-de-vida-homologades\/\" \/>\n<meta property=\"og:site_name\" content=\"Cobertes Industrials Cantara \u00b7 Extracci\u00f3 amiant, cobertes industrials i agr\u00edcoles a Catalunya\" \/>\n<meta property=\"article:modified_time\" content=\"2025-10-28T16:43:52+00:00\" \/>\n<meta property=\"og:image\" content=\"https:\/\/cobertesindustrials.com\/wp-content\/uploads\/2025\/06\/linies_de_vida_manresa_h.jpg\" \/>\n\t<meta property=\"og:image:width\" content=\"2560\" \/>\n\t<meta property=\"og:image:height\" content=\"1440\" \/>\n\t<meta property=\"og:image:type\" content=\"image\/jpeg\" \/>\n<meta name=\"twitter:card\" content=\"summary_large_image\" \/>\n<meta name=\"twitter:label1\" content=\"Tiempo de lectura\" \/>\n\t<meta name=\"twitter:data1\" content=\"1 minuto\" \/>\n<script type=\"application\/ld+json\" class=\"yoast-schema-graph\">{\"@context\":\"https:\/\/schema.org\",\"@graph\":[{\"@type\":\"WebPage\",\"@id\":\"https:\/\/cobertesindustrials.com\/serveis\/linies-de-vida-homologades\/\",\"url\":\"https:\/\/cobertesindustrials.com\/serveis\/linies-de-vida-homologades\/\",\"name\":\"Instalamos l\u00edneas de vida certificadas Catalu\u00f1a \u00b7 Cobertes Cantara\",\"isPartOf\":{\"@id\":\"https:\/\/cobertesindustrials.com\/#website\"},\"primaryImageOfPage\":{\"@id\":\"https:\/\/cobertesindustrials.com\/serveis\/linies-de-vida-homologades\/#primaryimage\"},\"image\":{\"@id\":\"https:\/\/cobertesindustrials.com\/serveis\/linies-de-vida-homologades\/#primaryimage\"},\"thumbnailUrl\":\"https:\/\/cobertesindustrials.com\/wp-content\/uploads\/2025\/06\/linies_de_vida_manresa_h.jpg\",\"datePublished\":\"2024-09-19T10:56:44+00:00\",\"dateModified\":\"2025-10-28T16:43:52+00:00\",\"description\":\"Instalamos l\u00edneas de vida certificadas en Catalu\u00f1a que cumplen los m\u00e1s altos est\u00e1ndares de seguridad \u00b7 Cobertes Industrials Cantara.\",\"breadcrumb\":{\"@id\":\"https:\/\/cobertesindustrials.com\/serveis\/linies-de-vida-homologades\/#breadcrumb\"},\"inLanguage\":\"es\",\"potentialAction\":[{\"@type\":\"ReadAction\",\"target\":[\"https:\/\/cobertesindustrials.com\/serveis\/linies-de-vida-homologades\/\"]}]},{\"@type\":\"ImageObject\",\"inLanguage\":\"es\",\"@id\":\"https:\/\/cobertesindustrials.com\/serveis\/linies-de-vida-homologades\/#primaryimage\",\"url\":\"https:\/\/cobertesindustrials.com\/wp-content\/uploads\/2025\/06\/linies_de_vida_manresa_h.jpg\",\"contentUrl\":\"https:\/\/cobertesindustrials.com\/wp-content\/uploads\/2025\/06\/linies_de_vida_manresa_h.jpg\",\"width\":2560,\"height\":1440},{\"@type\":\"BreadcrumbList\",\"@id\":\"https:\/\/cobertesindustrials.com\/serveis\/linies-de-vida-homologades\/#breadcrumb\",\"itemListElement\":[{\"@type\":\"ListItem\",\"position\":1,\"name\":\"Home\",\"item\":\"https:\/\/cobertesindustrials.com\/\"},{\"@type\":\"ListItem\",\"position\":2,\"name\":\"Servicios\",\"item\":\"https:\/\/cobertesindustrials.com\/es\/servicios\/\"},{\"@type\":\"ListItem\",\"position\":3,\"name\":\"L\u00edneas de vida homologadas\"}]},{\"@type\":\"WebSite\",\"@id\":\"https:\/\/cobertesindustrials.com\/#website\",\"url\":\"https:\/\/cobertesindustrials.com\/\",\"name\":\"Cobertes Industrials Cantara \u00b7 Extracci\u00f3 amiant, cobertes industrials i agr\u00edcoles a Catalunya\",\"description\":\"Cobertes Industrials Cantara \u00b7 Extracci\u00f3 amiant, cobertes industrials i agr\u00edcoles a Catalunya\",\"potentialAction\":[{\"@type\":\"SearchAction\",\"target\":{\"@type\":\"EntryPoint\",\"urlTemplate\":\"https:\/\/cobertesindustrials.com\/?s={search_term_string}\"},\"query-input\":{\"@type\":\"PropertyValueSpecification\",\"valueRequired\":true,\"valueName\":\"search_term_string\"}}],\"inLanguage\":\"es\"}]}<\/script>\n<!-- \/ Yoast SEO plugin. -->","yoast_head_json":{"title":"Instalamos l\u00edneas de vida certificadas Catalu\u00f1a \u00b7 Cobertes Cantara","description":"Instalamos l\u00edneas de vida certificadas en Catalu\u00f1a que cumplen los m\u00e1s altos est\u00e1ndares de seguridad \u00b7 Cobertes Industrials Cantara.","robots":{"index":"index","follow":"follow","max-snippet":"max-snippet:-1","max-image-preview":"max-image-preview:large","max-video-preview":"max-video-preview:-1"},"canonical":"https:\/\/cobertesindustrials.com\/serveis\/linies-de-vida-homologades\/","og_locale":"es_ES","og_type":"article","og_title":"Instalamos l\u00edneas de vida certificadas Catalu\u00f1a \u00b7 Cobertes Cantara","og_description":"Instalamos l\u00edneas de vida certificadas en Catalu\u00f1a que cumplen los m\u00e1s altos est\u00e1ndares de seguridad \u00b7 Cobertes Industrials Cantara.","og_url":"https:\/\/cobertesindustrials.com\/serveis\/linies-de-vida-homologades\/","og_site_name":"Cobertes Industrials Cantara \u00b7 Extracci\u00f3 amiant, cobertes industrials i agr\u00edcoles a Catalunya","article_modified_time":"2025-10-28T16:43:52+00:00","og_image":[{"width":2560,"height":1440,"url":"https:\/\/cobertesindustrials.com\/wp-content\/uploads\/2025\/06\/linies_de_vida_manresa_h.jpg","type":"image\/jpeg"}],"twitter_card":"summary_large_image","twitter_misc":{"Tiempo de lectura":"1 minuto"},"schema":{"@context":"https:\/\/schema.org","@graph":[{"@type":"WebPage","@id":"https:\/\/cobertesindustrials.com\/serveis\/linies-de-vida-homologades\/","url":"https:\/\/cobertesindustrials.com\/serveis\/linies-de-vida-homologades\/","name":"Instalamos l\u00edneas de vida certificadas Catalu\u00f1a \u00b7 Cobertes Cantara","isPartOf":{"@id":"https:\/\/cobertesindustrials.com\/#website"},"primaryImageOfPage":{"@id":"https:\/\/cobertesindustrials.com\/serveis\/linies-de-vida-homologades\/#primaryimage"},"image":{"@id":"https:\/\/cobertesindustrials.com\/serveis\/linies-de-vida-homologades\/#primaryimage"},"thumbnailUrl":"https:\/\/cobertesindustrials.com\/wp-content\/uploads\/2025\/06\/linies_de_vida_manresa_h.jpg","datePublished":"2024-09-19T10:56:44+00:00","dateModified":"2025-10-28T16:43:52+00:00","description":"Instalamos l\u00edneas de vida certificadas en Catalu\u00f1a que cumplen los m\u00e1s altos est\u00e1ndares de seguridad \u00b7 Cobertes Industrials Cantara.","breadcrumb":{"@id":"https:\/\/cobertesindustrials.com\/serveis\/linies-de-vida-homologades\/#breadcrumb"},"inLanguage":"es","potentialAction":[{"@type":"ReadAction","target":["https:\/\/cobertesindustrials.com\/serveis\/linies-de-vida-homologades\/"]}]},{"@type":"ImageObject","inLanguage":"es","@id":"https:\/\/cobertesindustrials.com\/serveis\/linies-de-vida-homologades\/#primaryimage","url":"https:\/\/cobertesindustrials.com\/wp-content\/uploads\/2025\/06\/linies_de_vida_manresa_h.jpg","contentUrl":"https:\/\/cobertesindustrials.com\/wp-content\/uploads\/2025\/06\/linies_de_vida_manresa_h.jpg","width":2560,"height":1440},{"@type":"BreadcrumbList","@id":"https:\/\/cobertesindustrials.com\/serveis\/linies-de-vida-homologades\/#breadcrumb","itemListElement":[{"@type":"ListItem","position":1,"name":"Home","item":"https:\/\/cobertesindustrials.com\/"},{"@type":"ListItem","position":2,"name":"Servicios","item":"https:\/\/cobertesindustrials.com\/es\/servicios\/"},{"@type":"ListItem","position":3,"name":"L\u00edneas de vida homologadas"}]},{"@type":"WebSite","@id":"https:\/\/cobertesindustrials.com\/#website","url":"https:\/\/cobertesindustrials.com\/","name":"Cobertes Industrials Cantara \u00b7 Extracci\u00f3 amiant, cobertes industrials i agr\u00edcoles a Catalunya","description":"Cobertes Industrials Cantara \u00b7 Extracci\u00f3 amiant, cobertes industrials i agr\u00edcoles a Catalunya","potentialAction":[{"@type":"SearchAction","target":{"@type":"EntryPoint","urlTemplate":"https:\/\/cobertesindustrials.com\/?s={search_term_string}"},"query-input":{"@type":"PropertyValueSpecification","valueRequired":true,"valueName":"search_term_string"}}],"inLanguage":"es"}]}},"_links":{"self":[{"href":"https:\/\/cobertesindustrials.com\/es\/wp-json\/wp\/v2\/pages\/988563","targetHints":{"allow":["GET"]}}],"collection":[{"href":"https:\/\/cobertesindustrials.com\/es\/wp-json\/wp\/v2\/pages"}],"about":[{"href":"https:\/\/cobertesindustrials.com\/es\/wp-json\/wp\/v2\/types\/page"}],"author":[{"embeddable":true,"href":"https:\/\/cobertesindustrials.com\/es\/wp-json\/wp\/v2\/users\/1"}],"replies":[{"embeddable":true,"href":"https:\/\/cobertesindustrials.com\/es\/wp-json\/wp\/v2\/comments?post=988563"}],"version-history":[{"count":4,"href":"https:\/\/cobertesindustrials.com\/es\/wp-json\/wp\/v2\/pages\/988563\/revisions"}],"predecessor-version":[{"id":988567,"href":"https:\/\/cobertesindustrials.com\/es\/wp-json\/wp\/v2\/pages\/988563\/revisions\/988567"}],"up":[{"embeddable":true,"href":"https:\/\/cobertesindustrials.com\/es\/wp-json\/wp\/v2\/pages\/988534"}],"wp:featuredmedia":[{"embeddable":true,"href":"https:\/\/cobertesindustrials.com\/es\/wp-json\/wp\/v2\/media\/988560"}],"wp:attachment":[{"href":"https:\/\/cobertesindustrials.com\/es\/wp-json\/wp\/v2\/media?parent=988563"}],"curies":[{"name":"wp","href":"https:\/\/api.w.org\/{rel}","templated":true}]}}